{"id":7387,"date":"2024-05-14T18:08:23","date_gmt":"2024-05-14T18:08:23","guid":{"rendered":"https:\/\/altarce.nl\/speisekarte-zum-abendessen\/"},"modified":"2026-04-11T13:42:55","modified_gmt":"2026-04-11T13:42:55","slug":"speisekarte","status":"publish","type":"page","link":"https:\/\/altarce.nl\/de\/speisekarte\/","title":{"rendered":"Speisekarte"},"content":{"rendered":"<div class=\"wpb-content-wrapper\"><p>[vc_row][vc_column][vc_empty_space][vc_row_inner][vc_column_inner width=&#8220;1\/2&#8243; offset=&#8220;vc_col-xs-12&#8243;]<div class=\"dt-fancy-separator title-left h3-size style-disabled\" style=\"width: 100%;\"><div class=\"dt-fancy-title\" style=\"color: #000000;\"><span class=\"separator-holder separator-left\" style=\"border-color: #000000;\"><\/span>Vorspeisen<span class=\"separator-holder separator-right\" style=\"border-color: #000000;\"><\/span><\/div><\/div>[vc_empty_space height=&#8220;30px&#8220;][vc_column_text css=&#8220;&#8220;]<strong>Rote-Bete-Carpaccio mit Ziegenk\u00e4se 20<\/strong><\/p>\n<p><strong>Fisch-Duo 19<br \/>\n<\/strong>Mit ger\u00e4uchertem Lachs und Meeresfr\u00fcchten<\/p>\n<p><strong>Steak Tartar 18,5<br \/>\n<\/strong>Mit pochiertem Ei, Senfkaviar und Tr\u00fcffelmayonnaise<\/p>\n<p><strong>Rindercarpaccio 16,5<br \/>\n<\/strong>Mit Tr\u00fcffelmayonnaise<\/p>\n<p><strong>Garnelenh\u00e4lften 18<br \/>\n<\/strong>Mit Jalape\u00f1os und Knoblauch<\/p>\n<p><strong>Alt Arce-Brotbrett mit Dips 10,5<\/strong>[\/vc_column_text]<div class=\"dt-fancy-separator title-left h3-size style-disabled\" style=\"width: 100%;\"><div class=\"dt-fancy-title\" style=\"color: #000000;\"><span class=\"separator-holder separator-left\" style=\"border-color: #000000;\"><\/span>Salate<span class=\"separator-holder separator-right\" style=\"border-color: #000000;\"><\/span><\/div><\/div>[vc_empty_space height=&#8220;30px&#8220;][vc_column_text css=&#8220;&#8220;]<strong>Fischsalat 27,5<br \/>\n<\/strong>Mit ger\u00e4uchertem Lachs, Meeresfr\u00fcchtesalat und einer holl\u00e4ndischen Garnelenkrokette<\/p>\n<p><strong>H\u00e4hnchensalat 26<br \/>\n<\/strong>Mit knusprigen H\u00e4hnchenfilets, Parmesank\u00e4se und Caesar-Dressing<\/p>\n<p><strong>Rote-Bete-Carpaccio-Salat 24<br \/>\n<\/strong>Mit Ziegenk\u00e4se[\/vc_column_text][\/vc_column_inner][vc_column_inner width=&#8220;1\/2&#8243;]<div class=\"dt-fancy-separator title-left h3-size style-disabled\" style=\"width: 100%;\"><div class=\"dt-fancy-title\" style=\"color: #000000;\"><span class=\"separator-holder separator-left\" style=\"border-color: #000000;\"><\/span>Suppe<span class=\"separator-holder separator-right\" style=\"border-color: #000000;\"><\/span><\/div><\/div>[vc_empty_space height=&#8220;30px&#8220;][vc_column_text css=&#8220;&#8220;]<strong>Suppe des K\u00fcchenchefs 8,5<\/strong><\/p>\n<p><strong>Tomatensuppe 8<\/strong><\/p>\n<p><strong>Gulaschsuppe 8<\/strong>[\/vc_column_text]<div class=\"dt-fancy-separator title-left h3-size style-disabled\" style=\"width: 100%;\"><div class=\"dt-fancy-title\" style=\"color: #000000;\"><span class=\"separator-holder separator-left\" style=\"border-color: #000000;\"><\/span>B\u00fcrger<span class=\"separator-holder separator-right\" style=\"border-color: #000000;\"><\/span><\/div><\/div>[vc_empty_space height=&#8220;30px&#8220;][vc_column_text css=&#8220;&#8220;]<strong>Alt Arce Burger 23<br \/>\n<\/strong>Mit hausgemachter Sauce, Speck, K\u00e4se, Zwiebeln und Gurke<\/p>\n<p><strong>Chicken Burger 20<br \/>\n<\/strong>Mit Tomotto-Sauce<\/p>\n<p><strong>Veganer Quarter Pounder 21<\/strong>[\/vc_column_text][\/vc_column_inner][\/vc_row_inner][vc_row_inner][vc_column_inner width=&#8220;1\/2&#8243; offset=&#8220;vc_col-xs-12&#8243;]<div class=\"dt-fancy-separator title-left h3-size style-disabled\" style=\"width: 100%;\"><div class=\"dt-fancy-title\" style=\"color: #000000;\"><span class=\"separator-holder separator-left\" style=\"border-color: #000000;\"><\/span>Fleisch<span class=\"separator-holder separator-right\" style=\"border-color: #000000;\"><\/span><\/div><\/div>[vc_empty_space height=&#8220;30px&#8220;][vc_column_text css=&#8220;&#8220;]<strong>Tournedos 36<\/strong><\/p>\n<p><strong>Steak Tartar 34<\/strong><\/p>\n<p><strong>Schweinefiletschnitzel 25<\/strong><\/p>\n<p><strong>Vegetarisches Schnitzel 22<\/strong><\/p>\n<p><strong>Mandu-Teigtaschen mit Teriyaki 21<\/strong><\/p>\n<p><strong>Leberpfanne 28,5<br \/>\n<\/strong>Mit gebratenen Champignons, Zwiebeln und Speck<\/p>\n<p><strong>H\u00fchnchen-Sat\u00e9 25<br \/>\n<\/strong>Mit Atjar, gebratenen Zwiebelringen und Krupuk<strong><br \/>\n<\/strong><\/p>\n<p><strong>Hertog Jan-Sauerfleisch mit Pommes frites 24<\/strong>[\/vc_column_text][vc_column_text css=&#8220;&#8220;]<strong>Fleischplatte (2 Personen) 66,5<br \/>\n<\/strong>Mit Steak, mariniertem Schweineschulterfilet, H\u00e4hnchenspie\u00dfen, Hertog Jan-Sauerfleisch, Pommes frites und 2 Saucen[\/vc_column_text][\/vc_column_inner][vc_column_inner width=&#8220;1\/2&#8243;]<div class=\"dt-fancy-separator title-left h3-size style-disabled\" style=\"width: 100%;\"><div class=\"dt-fancy-title\" style=\"color: #000000;\"><span class=\"separator-holder separator-left\" style=\"border-color: #000000;\"><\/span>Fisch<span class=\"separator-holder separator-right\" style=\"border-color: #000000;\"><\/span><\/div><\/div>[vc_empty_space height=&#8220;30px&#8220;][vc_column_text css=&#8220;&#8220;]<strong>Fang des Tages 29<\/strong><\/p>\n<p><strong>Lachsfilet 27,5<\/strong><\/p>\n<p><strong>Garnelenpfanne 26,5<\/strong><\/p>\n<p><strong>Fischst\u00fcckchen 22,5<br \/>\n<\/strong>Mit Pommes frites und Tartarsauce<\/p>\n<p><em>Unsere Fischgerichte werden mit warmem Gem\u00fcse, Pommes frites und einer Sauce nach Wahl serviert<\/em><\/p>\n<p><em><strong>SAUCEN<\/strong><\/em><\/p>\n<p><em>FISCH \u2022 Tartarsauce, Hollandaise-Sauce und Fischsauce<\/em>[\/vc_column_text][\/vc_column_inner][\/vc_row_inner][vc_row_inner][vc_column_inner width=&#8220;1\/2&#8243; offset=&#8220;vc_col-xs-12&#8243;]<div class=\"dt-fancy-separator title-left h3-size style-disabled\" style=\"width: 100%;\"><div class=\"dt-fancy-title\" style=\"color: #000000;\"><span class=\"separator-holder separator-left\" style=\"border-color: #000000;\"><\/span>Nagerichte<span class=\"separator-holder separator-right\" style=\"border-color: #000000;\"><\/span><\/div><\/div>[vc_empty_space height=&#8220;30px&#8220;][vc_column_text css=&#8220;&#8220;]<strong>Dessert des K\u00fcchenchefs 13<br \/>\n<\/strong>Schokoladent\u00f6rtchen mit Orangen-Whisky-Marmelade<\/p>\n<p><strong>Caf\u00e9 Gourmand 12,5<br \/>\n<\/strong>Kaffee mit 4 Mini-Desserts<\/p>\n<p><strong>Zitronen-Parfait mit roten Beeren 12<\/strong><\/p>\n<p><strong>Pistazien-Coupe 11<br \/>\n<\/strong>Mit N\u00fcssen und Pistazienlik\u00f6r<\/p>\n<p><strong>Erdbeer-Coupe 11 (saisonales Gericht)<\/strong><\/p>\n<p><strong>Eis mit warmen Kirschen 10,5<\/strong><\/p>\n<p><strong>Dame Blanche 9,5<\/strong><\/p>\n<p><strong>Speculoos-Coupe 9<\/strong><\/p>\n<p><strong>Sgroppino 7,5<\/strong>[\/vc_column_text][\/vc_column_inner][vc_column_inner width=&#8220;1\/2&#8243;]<div class=\"dt-fancy-separator title-left h3-size style-disabled\" style=\"width: 100%;\"><div class=\"dt-fancy-title\" style=\"color: #000000;\"><span class=\"separator-holder separator-left\" style=\"border-color: #000000;\"><\/span>Beim Umtrunk<span class=\"separator-holder separator-right\" style=\"border-color: #000000;\"><\/span><\/div><\/div>[vc_empty_space height=&#8220;30px&#8220;][vc_column_text css=&#8220;&#8220;]<strong>Tintenfischringe 16<\/strong><\/p>\n<p><strong>Snack-Mix Alt Arce 15,5<br \/>\n<\/strong>Flammen, Fr\u00fchlingsrollen, knusprige H\u00e4hnchenh\u00e4ppchen, Bami-H\u00e4ppchen und Nasi-H\u00e4ppchen<\/p>\n<p><strong>Snack-Mix an der Maas 14,5<br \/>\n<\/strong>Fr\u00fchlingsrollen, orientalische Garnelenkroketten, Zwiebelringe, Butterfly-Garnelen<\/p>\n<p><strong>Bitterballen 7 St\u00fcck 9,5<\/strong><\/p>\n<p><strong>Glasierte H\u00e4hnchenfl\u00fcgel 14<\/strong><\/p>\n<p><strong>Nachos mit K\u00e4sesauce 12<br \/>\n<\/strong>Zerdr\u00fcckte Avocado und Cr\u00e8me fra\u00eeche<\/p>\n<p><strong>Nachos mit Pulled Chicken 14<br \/>\n<\/strong>K\u00e4sesauce, zerdr\u00fcckte Avocado und Cr\u00e8me fra\u00eeche<\/p>\n<p><b>PLANK ROYALE 50 <\/b>f\u00fcr 4 Personen<br \/>\nAntipasto mit 3 Fleischsorten, Hertog Jan Grand Prestige-K\u00e4se, Flammes-Pommes,<\/p>\n<p>Brot mit Dips und einem Snackkorb<\/p>\n<p><strong>DUO ROYALE 38 f\u00fcr 2 Personen<\/strong><br \/>\nAntipasto mit 3 Fleischsorten, K\u00e4sew\u00fcrfeln, Flammes-Pommes mit Dips und einem Snackkorb[\/vc_column_text][\/vc_column_inner][\/vc_row_inner][\/vc_column][\/vc_row]<\/p>\n<\/div>","protected":false},"excerpt":{"rendered":"<p>[vc_row][vc_column][vc_empty_space][vc_row_inner][vc_column_inner width=&#8220;1\/2&#8243; offset=&#8220;vc_col-xs-12&#8243;][vc_empty_space height=&#8220;30px&#8220;][vc_column_text css=&#8220;&#8220;]Rote-Bete-Carpaccio mit Ziegenk\u00e4se 20 Fisch-Duo 19 Mit ger\u00e4uchertem Lachs und Meeresfr\u00fcchten Steak Tartar 18,5 Mit pochiertem Ei, Senfkaviar und Tr\u00fcffelmayonnaise Rindercarpaccio 16,5 Mit Tr\u00fcffelmayonnaise Garnelenh\u00e4lften 18 Mit Jalape\u00f1os und Knoblauch Alt Arce-Brotbrett mit Dips 10,5[\/vc_column_text][vc_empty_space height=&#8220;30px&#8220;][vc_column_text css=&#8220;&#8220;]Fischsalat 27,5 Mit ger\u00e4uchertem Lachs, Meeresfr\u00fcchtesalat und einer holl\u00e4ndischen Garnelenkrokette H\u00e4hnchensalat 26 Mit knusprigen H\u00e4hnchenfilets,&hellip;<\/p>\n","protected":false},"author":1,"featured_media":0,"parent":0,"menu_order":10,"comment_status":"closed","ping_status":"closed","template":"","meta":{"footnotes":""},"class_list":["post-7387","page","type-page","status-publish","hentry","description-off"],"yoast_head":"<!-- This site is optimized with the Yoast SEO plugin v23.7 - https:\/\/yoast.com\/wordpress\/plugins\/seo\/ -->\n<title>Speisekarte - Restaurant &amp; brasserie Alt Arce<\/title>\n<meta name=\"robots\" content=\"index, follow, max-snippet:-1, max-image-preview:large, max-video-preview:-1\" \/>\n<link rel=\"canonical\" href=\"https:\/\/altarce.nl\/de\/speisekarte\/\" \/>\n<meta property=\"og:locale\" content=\"de_DE\" \/>\n<meta property=\"og:type\" content=\"article\" \/>\n<meta property=\"og:title\" content=\"Speisekarte - Restaurant &amp; brasserie Alt Arce\" \/>\n<meta property=\"og:description\" content=\"[vc_row][vc_column][vc_empty_space][vc_row_inner][vc_column_inner width=&#8220;1\/2&#8243; offset=&#8220;vc_col-xs-12&#8243;][vc_empty_space height=&#8220;30px&#8220;][vc_column_text css=&#8220;&#8220;]Rote-Bete-Carpaccio mit Ziegenk\u00e4se 20 Fisch-Duo 19 Mit ger\u00e4uchertem Lachs und Meeresfr\u00fcchten Steak Tartar 18,5 Mit pochiertem Ei, Senfkaviar und Tr\u00fcffelmayonnaise Rindercarpaccio 16,5 Mit Tr\u00fcffelmayonnaise Garnelenh\u00e4lften 18 Mit Jalape\u00f1os und Knoblauch Alt Arce-Brotbrett mit Dips 10,5[\/vc_column_text][vc_empty_space height=&#8220;30px&#8220;][vc_column_text css=&#8220;&#8220;]Fischsalat 27,5 Mit ger\u00e4uchertem Lachs, Meeresfr\u00fcchtesalat und einer holl\u00e4ndischen Garnelenkrokette H\u00e4hnchensalat 26 Mit knusprigen H\u00e4hnchenfilets,&hellip;\" \/>\n<meta property=\"og:url\" content=\"https:\/\/altarce.nl\/de\/speisekarte\/\" \/>\n<meta property=\"og:site_name\" content=\"Restaurant &amp; brasserie Alt Arce\" \/>\n<meta property=\"article:modified_time\" content=\"2026-04-11T13:42:55+00:00\" \/>\n<meta name=\"twitter:card\" content=\"summary_large_image\" \/>\n<meta name=\"twitter:label1\" content=\"Gesch\u00e4tzte Lesezeit\" \/>\n\t<meta name=\"twitter:data1\" content=\"2\u00a0Minuten\" \/>\n<script type=\"application\/ld+json\" class=\"yoast-schema-graph\">{\"@context\":\"https:\/\/schema.org\",\"@graph\":[{\"@type\":\"WebPage\",\"@id\":\"https:\/\/altarce.nl\/de\/speisekarte\/\",\"url\":\"https:\/\/altarce.nl\/de\/speisekarte\/\",\"name\":\"Speisekarte - Restaurant &amp; brasserie Alt Arce\",\"isPartOf\":{\"@id\":\"https:\/\/altarce.nl\/#website\"},\"datePublished\":\"2024-05-14T18:08:23+00:00\",\"dateModified\":\"2026-04-11T13:42:55+00:00\",\"breadcrumb\":{\"@id\":\"https:\/\/altarce.nl\/de\/speisekarte\/#breadcrumb\"},\"inLanguage\":\"de\",\"potentialAction\":[{\"@type\":\"ReadAction\",\"target\":[\"https:\/\/altarce.nl\/de\/speisekarte\/\"]}]},{\"@type\":\"BreadcrumbList\",\"@id\":\"https:\/\/altarce.nl\/de\/speisekarte\/#breadcrumb\",\"itemListElement\":[{\"@type\":\"ListItem\",\"position\":1,\"name\":\"Home\",\"item\":\"https:\/\/altarce.nl\/de\/\"},{\"@type\":\"ListItem\",\"position\":2,\"name\":\"Speisekarte\"}]},{\"@type\":\"WebSite\",\"@id\":\"https:\/\/altarce.nl\/#website\",\"url\":\"https:\/\/altarce.nl\/\",\"name\":\"Restaurant &amp; brasserie Alt Arce\",\"description\":\"Puur genieten aan de Maas\",\"potentialAction\":[{\"@type\":\"SearchAction\",\"target\":{\"@type\":\"EntryPoint\",\"urlTemplate\":\"https:\/\/altarce.nl\/?s={search_term_string}\"},\"query-input\":{\"@type\":\"PropertyValueSpecification\",\"valueRequired\":true,\"valueName\":\"search_term_string\"}}],\"inLanguage\":\"de\"}]}<\/script>\n<!-- \/ Yoast SEO plugin. -->","yoast_head_json":{"title":"Speisekarte - Restaurant &amp; brasserie Alt Arce","robots":{"index":"index","follow":"follow","max-snippet":"max-snippet:-1","max-image-preview":"max-image-preview:large","max-video-preview":"max-video-preview:-1"},"canonical":"https:\/\/altarce.nl\/de\/speisekarte\/","og_locale":"de_DE","og_type":"article","og_title":"Speisekarte - Restaurant &amp; brasserie Alt Arce","og_description":"[vc_row][vc_column][vc_empty_space][vc_row_inner][vc_column_inner width=&#8220;1\/2&#8243; offset=&#8220;vc_col-xs-12&#8243;][vc_empty_space height=&#8220;30px&#8220;][vc_column_text css=&#8220;&#8220;]Rote-Bete-Carpaccio mit Ziegenk\u00e4se 20 Fisch-Duo 19 Mit ger\u00e4uchertem Lachs und Meeresfr\u00fcchten Steak Tartar 18,5 Mit pochiertem Ei, Senfkaviar und Tr\u00fcffelmayonnaise Rindercarpaccio 16,5 Mit Tr\u00fcffelmayonnaise Garnelenh\u00e4lften 18 Mit Jalape\u00f1os und Knoblauch Alt Arce-Brotbrett mit Dips 10,5[\/vc_column_text][vc_empty_space height=&#8220;30px&#8220;][vc_column_text css=&#8220;&#8220;]Fischsalat 27,5 Mit ger\u00e4uchertem Lachs, Meeresfr\u00fcchtesalat und einer holl\u00e4ndischen Garnelenkrokette H\u00e4hnchensalat 26 Mit knusprigen H\u00e4hnchenfilets,&hellip;","og_url":"https:\/\/altarce.nl\/de\/speisekarte\/","og_site_name":"Restaurant &amp; brasserie Alt Arce","article_modified_time":"2026-04-11T13:42:55+00:00","twitter_card":"summary_large_image","twitter_misc":{"Gesch\u00e4tzte Lesezeit":"2\u00a0Minuten"},"schema":{"@context":"https:\/\/schema.org","@graph":[{"@type":"WebPage","@id":"https:\/\/altarce.nl\/de\/speisekarte\/","url":"https:\/\/altarce.nl\/de\/speisekarte\/","name":"Speisekarte - Restaurant &amp; brasserie Alt Arce","isPartOf":{"@id":"https:\/\/altarce.nl\/#website"},"datePublished":"2024-05-14T18:08:23+00:00","dateModified":"2026-04-11T13:42:55+00:00","breadcrumb":{"@id":"https:\/\/altarce.nl\/de\/speisekarte\/#breadcrumb"},"inLanguage":"de","potentialAction":[{"@type":"ReadAction","target":["https:\/\/altarce.nl\/de\/speisekarte\/"]}]},{"@type":"BreadcrumbList","@id":"https:\/\/altarce.nl\/de\/speisekarte\/#breadcrumb","itemListElement":[{"@type":"ListItem","position":1,"name":"Home","item":"https:\/\/altarce.nl\/de\/"},{"@type":"ListItem","position":2,"name":"Speisekarte"}]},{"@type":"WebSite","@id":"https:\/\/altarce.nl\/#website","url":"https:\/\/altarce.nl\/","name":"Restaurant &amp; brasserie Alt Arce","description":"Puur genieten aan de Maas","potentialAction":[{"@type":"SearchAction","target":{"@type":"EntryPoint","urlTemplate":"https:\/\/altarce.nl\/?s={search_term_string}"},"query-input":{"@type":"PropertyValueSpecification","valueRequired":true,"valueName":"search_term_string"}}],"inLanguage":"de"}]}},"_links":{"self":[{"href":"https:\/\/altarce.nl\/de\/wp-json\/wp\/v2\/pages\/7387"}],"collection":[{"href":"https:\/\/altarce.nl\/de\/wp-json\/wp\/v2\/pages"}],"about":[{"href":"https:\/\/altarce.nl\/de\/wp-json\/wp\/v2\/types\/page"}],"author":[{"embeddable":true,"href":"https:\/\/altarce.nl\/de\/wp-json\/wp\/v2\/users\/1"}],"replies":[{"embeddable":true,"href":"https:\/\/altarce.nl\/de\/wp-json\/wp\/v2\/comments?post=7387"}],"version-history":[{"count":23,"href":"https:\/\/altarce.nl\/de\/wp-json\/wp\/v2\/pages\/7387\/revisions"}],"predecessor-version":[{"id":7611,"href":"https:\/\/altarce.nl\/de\/wp-json\/wp\/v2\/pages\/7387\/revisions\/7611"}],"wp:attachment":[{"href":"https:\/\/altarce.nl\/de\/wp-json\/wp\/v2\/media?parent=7387"}],"curies":[{"name":"wp","href":"https:\/\/api.w.org\/{rel}","templated":true}]}}