{"id":7358,"date":"2024-05-14T18:25:07","date_gmt":"2024-05-14T18:25:07","guid":{"rendered":"https:\/\/altarce.nl\/getraenkekarte-2\/"},"modified":"2026-04-11T13:49:18","modified_gmt":"2026-04-11T13:49:18","slug":"getraenkekarte","status":"publish","type":"page","link":"https:\/\/altarce.nl\/de\/getraenkekarte\/","title":{"rendered":"Getr\u00e4nkekarte"},"content":{"rendered":"<div class=\"wpb-content-wrapper\"><p>[vc_row][vc_column][vc_empty_space][vc_row_inner][vc_column_inner width=&#8220;1\/2&#8243; offset=&#8220;vc_col-xs-12&#8243;]<div class=\"dt-fancy-separator title-left h3-size style-disabled\" style=\"width: 100%;\"><div class=\"dt-fancy-title\" style=\"color: #000000;\"><span class=\"separator-holder separator-left\" style=\"border-color: #000000;\"><\/span>Warme Getr\u00e4nke<span class=\"separator-holder separator-right\" style=\"border-color: #000000;\"><\/span><\/div><\/div>[vc_empty_space height=&#8220;10px&#8220;][vc_column_text css=&#8220;&#8220;]Kaffee mit Sahne <b>3,25<br \/>\n<\/b>Cappuccino <b>4<br \/>\n<\/b>Flat White <b>4,5<br \/>\n<\/b>Milchkaffee <b>4,5<br \/>\n<\/b>Doppelter Espresso <b>5<br \/>\n<\/b>Espresso <b>3,25<br \/>\n<\/b>Latte Macchiato <b>4,5<br \/>\n<\/b>Latte Macchiato mit Karamell <b>5<br \/>\n<\/b>Eiskaffee mit Schlagsahne <b>7,5<br \/>\n<\/b>Hei\u00dfe Schokolade mit Schlagsahne <b>5<br \/>\n<\/b>Tee <b>3,25<br \/>\n<\/b>English Blend, Gr\u00fcner Tee, Waldfr\u00fcchte, Earl Grey, Rooibos<br \/>\nFrischer Tee <b>4,5<br \/>\n<\/b>Frische Minze mit Honig<br \/>\nFrischer Ingwer mit Honig<\/p>\n<p><strong>SPEZIALKAFFEES<\/strong><\/p>\n<p>Irish Coffee <strong>9<\/strong><br \/>\nItalian Coffee <strong>9<\/strong><br \/>\nSpanish Coffee <strong>9<\/strong>[\/vc_column_text]<div class=\"dt-fancy-separator title-left h3-size style-disabled\" style=\"width: 100%;\"><div class=\"dt-fancy-title\" style=\"color: #000000;\"><span class=\"separator-holder separator-left\" style=\"border-color: #000000;\"><\/span>Biere vom Fass<span class=\"separator-holder separator-right\" style=\"border-color: #000000;\"><\/span><\/div><\/div>[vc_empty_space height=&#8220;10px&#8220;][vc_column_text css=&#8220;&#8220;]<strong>Bieren van het vat \/ BIERE VOM FASS<\/strong><br \/>\nPils Hertog Jan 0.25 ltr. <strong>3.9<\/strong><br \/>\nPils Hertog Jan 0.5 ltr. <strong>7.5<\/strong><br \/>\nHertog Jan Weizener 0.3ltr. <strong>6.95<\/strong><br \/>\nHertog Jan Weizener 0.5 ltr. <strong>9.95<\/strong><br \/>\nHertog Jan Bockbier <strong>6.95<\/strong><br \/>\nLeffe Blond <strong>6.5<\/strong><br \/>\nLeffe Braun <strong>6.5<\/strong><br \/>\nTripel Karmeliet <strong>6.95<br \/>\n<\/strong><strong>Wechselhahn\u00a0<\/strong><strong> 6.5<\/strong>[\/vc_column_text]<div class=\"dt-fancy-separator title-left h3-size style-disabled\" style=\"width: 100%;\"><div class=\"dt-fancy-title\" style=\"color: #000000;\"><span class=\"separator-holder separator-left\" style=\"border-color: #000000;\"><\/span>Biere aus der Flasche<span class=\"separator-holder separator-right\" style=\"border-color: #000000;\"><\/span><\/div><\/div>[vc_empty_space height=&#8220;10px&#8220;][vc_column_text css=&#8220;&#8220;]<\/p>\n<p>Liefmans Fruitesse <strong>4.5<\/strong><br \/>\nHoegaarden Radler <strong>4.75<\/strong><br \/>\nSomersby Cider <strong>5.75<\/strong><br \/>\nFranziskaner 0.5ltr. <strong>8.50<\/strong><br \/>\nLeffe Tripel <strong>7.50<\/strong><br \/>\nHertog Jan Grand Prestige <strong>6.75<\/strong><\/p>\n<p>[\/vc_column_text]<div class=\"dt-fancy-separator title-left h3-size style-disabled\" style=\"width: 100%;\"><div class=\"dt-fancy-title\" style=\"color: #000000;\"><span class=\"separator-holder separator-left\" style=\"border-color: #000000;\"><\/span>Malzbier<span class=\"separator-holder separator-right\" style=\"border-color: #000000;\"><\/span><\/div><\/div>[vc_empty_space height=&#8220;10px&#8220;][vc_column_text css=&#8220;&#8220;]<\/p>\n<p>Hertog Jan 0%\u00a0 \u00a0<strong>4.50<\/strong><br \/>\nHoegaarden Radler 0%.\u00a0 <strong>5.25<\/strong><br \/>\nLeffe Blond 0%\u00a0 \u00a0<strong>6.00<\/strong><br \/>\nFranziskaner 0.5 ltr 0%\u00a0 <strong>7.5<\/strong><\/p>\n<p>[\/vc_column_text]<div class=\"dt-fancy-separator title-left h3-size style-disabled\" style=\"width: 100%;\"><div class=\"dt-fancy-title\" style=\"color: #000000;\"><span class=\"separator-holder separator-left\" style=\"border-color: #000000;\"><\/span>Weine<span class=\"separator-holder separator-right\" style=\"border-color: #000000;\"><\/span><\/div><\/div>[vc_empty_space height=&#8220;10px&#8220;][vc_column_text css=&#8220;&#8220;]Chardonnay <b>6,25<\/b> <b>(Karaffe 27)<br \/>\n<\/b>Weingut Pratsch, Weinviertel, \u00d6sterreich, wei\u00df\/trocken<\/p>\n<p><strong>Gr\u00fcner Veltliner 6 (Karaffe 25)<br \/>\n<\/strong>Weingut Pratsch, Weinviertel, \u00d6sterreich, wei\u00df\/trocken<\/p>\n<p><strong>Ilagares 5,75 (Flasche 27)<br \/>\n<\/strong>Bodegas San Mart\u00edn, Navarra, Spanien, wei\u00df\/trocken<\/p>\n<p><strong>Prosecco Frizzante 6,25 (Flasche 30)<br \/>\n<\/strong>Catarina, Cornaro, Venetien, Italien, wei\u00df\/trocken<\/p>\n<p><strong>Schoppen Vestival 5,75 (Flasche 27)<br \/>\n<\/strong>Deutschland, wei\u00df\/s\u00fc\u00df<\/p>\n<p><strong>Ros\u00e9 5,75 (Karaffe 27)<br \/>\n<\/strong>Weingut Pratsch, Weinviertel, \u00d6sterreich, Ros\u00e9<\/p>\n<p><strong>Frizzante Ros\u00e9, Sekt, Flasche 40<br \/>\n<\/strong>Frizzante Ros\u00e9, Trocken, Weingut Pratsch, Weinviertel, \u00d6sterreich<\/p>\n<p><strong>Ilagares 6 (Flasche 28,5)<br \/>\n<\/strong>Bodegas San Mart\u00edn, Navarra, Spanien, Rot[\/vc_column_text][\/vc_column_inner][vc_column_inner width=&#8220;1\/2&#8243;]<div class=\"dt-fancy-separator title-left h3-size style-disabled\" style=\"width: 100%;\"><div class=\"dt-fancy-title\" style=\"color: #000000;\"><span class=\"separator-holder separator-left\" style=\"border-color: #000000;\"><\/span>Alkoholische Getr\u00e4nke<span class=\"separator-holder separator-right\" style=\"border-color: #000000;\"><\/span><\/div><\/div>[vc_empty_space height=&#8220;10px&#8220;][vc_column_text css=&#8220;&#8220;]Roter Portwein<b>4,75<br \/>\n<\/b>Whisky\/Wodka\/Rum\/Cognac <b>5,25<br \/>\n<\/b>Jenever (alt\/jung\/Beeren) <b>3,75<br \/>\n<\/b>Calvados <b>5,75<br \/>\n<\/b>Lik\u00f6re ab <b>5,25<\/b>[\/vc_column_text]<div class=\"dt-fancy-separator title-left h3-size style-disabled\" style=\"width: 100%;\"><div class=\"dt-fancy-title\" style=\"color: #000000;\"><span class=\"separator-holder separator-left\" style=\"border-color: #000000;\"><\/span>Cocktails<span class=\"separator-holder separator-right\" style=\"border-color: #000000;\"><\/span><\/div><\/div>[vc_empty_space height=&#8220;10px&#8220;][vc_column_text css=&#8220;&#8220;]<\/p>\n<p>Pornstar Martini <strong>11<\/strong><br \/>\nEspresso Martini <strong>10.5<\/strong><br \/>\nAmaretto Sour <strong>10<\/strong><br \/>\nMojito <strong>9.5<\/strong><br \/>\nSex on the beach <strong>10<\/strong><br \/>\nAperol Spritz <strong>9.50<\/strong><\/p>\n<p>[\/vc_column_text]<div class=\"dt-fancy-separator title-left h3-size style-disabled\" style=\"width: 100%;\"><div class=\"dt-fancy-title\" style=\"color: #000000;\"><span class=\"separator-holder separator-left\" style=\"border-color: #000000;\"><\/span>Mocktails<span class=\"separator-holder separator-right\" style=\"border-color: #000000;\"><\/span><\/div><\/div>[vc_empty_space height=&#8220;10px&#8220;][vc_column_text css=&#8220;&#8220;]<\/p>\n<p>Pornstar martini 0.0% <strong>11<\/strong><br \/>\nMojito 0.0% <strong>9.5<\/strong><\/p>\n<p>Soof Lemonade 100% natural fruits and herbs, 0% crap!<br \/>\nBlueberry &#8211; Apple &#8211; Lime &#8211; Mint<br \/>\nIce Tea &#8211; Rose &#8211; Apple &#8211; Pear<br \/>\n<strong> 4.75<\/strong>[\/vc_column_text]<div class=\"dt-fancy-separator title-left h3-size style-disabled\" style=\"width: 100%;\"><div class=\"dt-fancy-title\" style=\"color: #000000;\"><span class=\"separator-holder separator-left\" style=\"border-color: #000000;\"><\/span>Smoothies<span class=\"separator-holder separator-right\" style=\"border-color: #000000;\"><\/span><\/div><\/div>[vc_empty_space height=&#8220;10px&#8220;][vc_column_text css=&#8220;&#8220;]Tropical <b>7,95<br \/>\n<\/b>Erdbeere und Banane<\/p>\n<p>Red Sunset <b>8,95<br \/>\n<\/b>Himbeere und Mango[\/vc_column_text]<div class=\"dt-fancy-separator title-left h3-size style-disabled\" style=\"width: 100%;\"><div class=\"dt-fancy-title\" style=\"color: #000000;\"><span class=\"separator-holder separator-left\" style=\"border-color: #000000;\"><\/span>Erfrischungsgetr\u00e4nke<span class=\"separator-holder separator-right\" style=\"border-color: #000000;\"><\/span><\/div><\/div>[vc_empty_space height=&#8220;10px&#8220;][vc_column_text css=&#8220;&#8220;]Pepsi <b>3,25<br \/>\n<\/b>Pepsi Max <b>3,25<br \/>\n<\/b>Eistee mit Kohlens\u00e4ure <b>3,50<br \/>\n<\/b>Gr\u00fcner Eistee <b>3,50<br \/>\n<\/b>Sisi <b>3,25<br \/>\n<\/b>Cassis <b>3,25<br \/>\n<\/b>Ginger Ale <b>3,25<br \/>\n<\/b>7-Up <b>3,25<br \/>\n<\/b>Sprudelwasser \/ Stilles Wasser <b>3,25<br \/>\n<\/b>Sprudelwasser \/ Stilles Wasser 0,75 <b>6,00<br \/>\n<\/b>Tonic <b>3,75<br \/>\n<\/b>Bitter Lemon<b> 3,75<br \/>\n<\/b>Rivella <b>3,75<br \/>\n<\/b>Ranja Erdbeer-Himbeere<b> 3<br \/>\n<\/b>Apfelsaft <b>3,75<br \/>\n<\/b>Chocomel\/Fristi <b>3,80<br \/>\n<\/b>Apfelshorle 0,4 l <b>6,95<br \/>\n<\/b>Frischer Saft <b>4,75<br \/>\n<\/b>Glas Milch <b>2,75<br \/>\n<\/b>Tischwasser 0,5 l <b>3,75<\/b><\/p>\n<p>still und mit Kohlens\u00e4ure[\/vc_column_text][\/vc_column_inner][\/vc_row_inner][\/vc_column][\/vc_row]<\/p>\n<\/div>","protected":false},"excerpt":{"rendered":"<p>[vc_row][vc_column][vc_empty_space][vc_row_inner][vc_column_inner width=&#8220;1\/2&#8243; offset=&#8220;vc_col-xs-12&#8243;][vc_empty_space height=&#8220;10px&#8220;][vc_column_text css=&#8220;&#8220;]Kaffee mit Sahne 3,25 Cappuccino 4 Flat White 4,5 Milchkaffee 4,5 Doppelter Espresso 5 Espresso 3,25 Latte Macchiato 4,5 Latte Macchiato mit Karamell 5 Eiskaffee mit Schlagsahne 7,5 Hei\u00dfe Schokolade mit Schlagsahne 5 Tee 3,25 English Blend, Gr\u00fcner Tee, Waldfr\u00fcchte, Earl Grey, Rooibos Frischer Tee 4,5 Frische Minze mit Honig Frischer&hellip;<\/p>\n","protected":false},"author":1,"featured_media":0,"parent":0,"menu_order":0,"comment_status":"closed","ping_status":"closed","template":"","meta":{"footnotes":""},"class_list":["post-7358","page","type-page","status-publish","hentry","description-off"],"yoast_head":"<!-- This site is optimized with the Yoast SEO plugin v23.7 - https:\/\/yoast.com\/wordpress\/plugins\/seo\/ -->\n<title>Getr\u00e4nkekarte - Restaurant &amp; brasserie Alt Arce<\/title>\n<meta name=\"robots\" content=\"index, follow, max-snippet:-1, max-image-preview:large, max-video-preview:-1\" \/>\n<link rel=\"canonical\" href=\"https:\/\/altarce.nl\/de\/getraenkekarte\/\" \/>\n<meta property=\"og:locale\" content=\"de_DE\" \/>\n<meta property=\"og:type\" content=\"article\" \/>\n<meta property=\"og:title\" content=\"Getr\u00e4nkekarte - Restaurant &amp; brasserie Alt Arce\" \/>\n<meta property=\"og:description\" content=\"[vc_row][vc_column][vc_empty_space][vc_row_inner][vc_column_inner width=&#8220;1\/2&#8243; offset=&#8220;vc_col-xs-12&#8243;][vc_empty_space height=&#8220;10px&#8220;][vc_column_text css=&#8220;&#8220;]Kaffee mit Sahne 3,25 Cappuccino 4 Flat White 4,5 Milchkaffee 4,5 Doppelter Espresso 5 Espresso 3,25 Latte Macchiato 4,5 Latte Macchiato mit Karamell 5 Eiskaffee mit Schlagsahne 7,5 Hei\u00dfe Schokolade mit Schlagsahne 5 Tee 3,25 English Blend, Gr\u00fcner Tee, Waldfr\u00fcchte, Earl Grey, Rooibos Frischer Tee 4,5 Frische Minze mit Honig Frischer&hellip;\" \/>\n<meta property=\"og:url\" content=\"https:\/\/altarce.nl\/de\/getraenkekarte\/\" \/>\n<meta property=\"og:site_name\" content=\"Restaurant &amp; brasserie Alt Arce\" \/>\n<meta property=\"article:modified_time\" content=\"2026-04-11T13:49:18+00:00\" \/>\n<meta name=\"twitter:card\" content=\"summary_large_image\" \/>\n<meta name=\"twitter:label1\" content=\"Gesch\u00e4tzte Lesezeit\" \/>\n\t<meta name=\"twitter:data1\" content=\"3\u00a0Minuten\" \/>\n<script type=\"application\/ld+json\" class=\"yoast-schema-graph\">{\"@context\":\"https:\/\/schema.org\",\"@graph\":[{\"@type\":\"WebPage\",\"@id\":\"https:\/\/altarce.nl\/de\/getraenkekarte\/\",\"url\":\"https:\/\/altarce.nl\/de\/getraenkekarte\/\",\"name\":\"Getr\u00e4nkekarte - Restaurant &amp; brasserie Alt Arce\",\"isPartOf\":{\"@id\":\"https:\/\/altarce.nl\/#website\"},\"datePublished\":\"2024-05-14T18:25:07+00:00\",\"dateModified\":\"2026-04-11T13:49:18+00:00\",\"breadcrumb\":{\"@id\":\"https:\/\/altarce.nl\/de\/getraenkekarte\/#breadcrumb\"},\"inLanguage\":\"de\",\"potentialAction\":[{\"@type\":\"ReadAction\",\"target\":[\"https:\/\/altarce.nl\/de\/getraenkekarte\/\"]}]},{\"@type\":\"BreadcrumbList\",\"@id\":\"https:\/\/altarce.nl\/de\/getraenkekarte\/#breadcrumb\",\"itemListElement\":[{\"@type\":\"ListItem\",\"position\":1,\"name\":\"Home\",\"item\":\"https:\/\/altarce.nl\/de\/\"},{\"@type\":\"ListItem\",\"position\":2,\"name\":\"Getr\u00e4nkekarte\"}]},{\"@type\":\"WebSite\",\"@id\":\"https:\/\/altarce.nl\/#website\",\"url\":\"https:\/\/altarce.nl\/\",\"name\":\"Restaurant &amp; brasserie Alt Arce\",\"description\":\"Puur genieten aan de Maas\",\"potentialAction\":[{\"@type\":\"SearchAction\",\"target\":{\"@type\":\"EntryPoint\",\"urlTemplate\":\"https:\/\/altarce.nl\/?s={search_term_string}\"},\"query-input\":{\"@type\":\"PropertyValueSpecification\",\"valueRequired\":true,\"valueName\":\"search_term_string\"}}],\"inLanguage\":\"de\"}]}<\/script>\n<!-- \/ Yoast SEO plugin. -->","yoast_head_json":{"title":"Getr\u00e4nkekarte - Restaurant &amp; brasserie Alt Arce","robots":{"index":"index","follow":"follow","max-snippet":"max-snippet:-1","max-image-preview":"max-image-preview:large","max-video-preview":"max-video-preview:-1"},"canonical":"https:\/\/altarce.nl\/de\/getraenkekarte\/","og_locale":"de_DE","og_type":"article","og_title":"Getr\u00e4nkekarte - Restaurant &amp; brasserie Alt Arce","og_description":"[vc_row][vc_column][vc_empty_space][vc_row_inner][vc_column_inner width=&#8220;1\/2&#8243; offset=&#8220;vc_col-xs-12&#8243;][vc_empty_space height=&#8220;10px&#8220;][vc_column_text css=&#8220;&#8220;]Kaffee mit Sahne 3,25 Cappuccino 4 Flat White 4,5 Milchkaffee 4,5 Doppelter Espresso 5 Espresso 3,25 Latte Macchiato 4,5 Latte Macchiato mit Karamell 5 Eiskaffee mit Schlagsahne 7,5 Hei\u00dfe Schokolade mit Schlagsahne 5 Tee 3,25 English Blend, Gr\u00fcner Tee, Waldfr\u00fcchte, Earl Grey, Rooibos Frischer Tee 4,5 Frische Minze mit Honig Frischer&hellip;","og_url":"https:\/\/altarce.nl\/de\/getraenkekarte\/","og_site_name":"Restaurant &amp; brasserie Alt Arce","article_modified_time":"2026-04-11T13:49:18+00:00","twitter_card":"summary_large_image","twitter_misc":{"Gesch\u00e4tzte Lesezeit":"3\u00a0Minuten"},"schema":{"@context":"https:\/\/schema.org","@graph":[{"@type":"WebPage","@id":"https:\/\/altarce.nl\/de\/getraenkekarte\/","url":"https:\/\/altarce.nl\/de\/getraenkekarte\/","name":"Getr\u00e4nkekarte - Restaurant &amp; brasserie Alt Arce","isPartOf":{"@id":"https:\/\/altarce.nl\/#website"},"datePublished":"2024-05-14T18:25:07+00:00","dateModified":"2026-04-11T13:49:18+00:00","breadcrumb":{"@id":"https:\/\/altarce.nl\/de\/getraenkekarte\/#breadcrumb"},"inLanguage":"de","potentialAction":[{"@type":"ReadAction","target":["https:\/\/altarce.nl\/de\/getraenkekarte\/"]}]},{"@type":"BreadcrumbList","@id":"https:\/\/altarce.nl\/de\/getraenkekarte\/#breadcrumb","itemListElement":[{"@type":"ListItem","position":1,"name":"Home","item":"https:\/\/altarce.nl\/de\/"},{"@type":"ListItem","position":2,"name":"Getr\u00e4nkekarte"}]},{"@type":"WebSite","@id":"https:\/\/altarce.nl\/#website","url":"https:\/\/altarce.nl\/","name":"Restaurant &amp; brasserie Alt Arce","description":"Puur genieten aan de Maas","potentialAction":[{"@type":"SearchAction","target":{"@type":"EntryPoint","urlTemplate":"https:\/\/altarce.nl\/?s={search_term_string}"},"query-input":{"@type":"PropertyValueSpecification","valueRequired":true,"valueName":"search_term_string"}}],"inLanguage":"de"}]}},"_links":{"self":[{"href":"https:\/\/altarce.nl\/de\/wp-json\/wp\/v2\/pages\/7358"}],"collection":[{"href":"https:\/\/altarce.nl\/de\/wp-json\/wp\/v2\/pages"}],"about":[{"href":"https:\/\/altarce.nl\/de\/wp-json\/wp\/v2\/types\/page"}],"author":[{"embeddable":true,"href":"https:\/\/altarce.nl\/de\/wp-json\/wp\/v2\/users\/1"}],"replies":[{"embeddable":true,"href":"https:\/\/altarce.nl\/de\/wp-json\/wp\/v2\/comments?post=7358"}],"version-history":[{"count":14,"href":"https:\/\/altarce.nl\/de\/wp-json\/wp\/v2\/pages\/7358\/revisions"}],"predecessor-version":[{"id":7416,"href":"https:\/\/altarce.nl\/de\/wp-json\/wp\/v2\/pages\/7358\/revisions\/7416"}],"wp:attachment":[{"href":"https:\/\/altarce.nl\/de\/wp-json\/wp\/v2\/media?parent=7358"}],"curies":[{"name":"wp","href":"https:\/\/api.w.org\/{rel}","templated":true}]}}