{"id":7328,"date":"2024-05-13T17:17:45","date_gmt":"2024-05-13T17:17:45","guid":{"rendered":"https:\/\/altarce.nl\/mittagsessen-2\/"},"modified":"2026-04-11T13:09:04","modified_gmt":"2026-04-11T13:09:04","slug":"mittagsmenue","status":"publish","type":"page","link":"https:\/\/altarce.nl\/de\/mittagsmenue\/","title":{"rendered":"Mittagsmen\u00fc"},"content":{"rendered":"<div class=\"wpb-content-wrapper\"><p>[vc_row css=&#8220;.vc_custom_1665080519460{margin-top: 40px !important;}&#8220;][vc_column][vc_row_inner][vc_column_inner width=&#8220;1\/2&#8243; offset=&#8220;vc_col-xs-12&#8243;]<div class=\"dt-fancy-separator title-left h3-size style-disabled\" style=\"width: 100%;\"><div class=\"dt-fancy-title\" style=\"color: #000000;\"><span class=\"separator-holder separator-left\" style=\"border-color: #000000;\"><\/span>Geb\u00e4ck und L\u00fctticher Waffeln<span class=\"separator-holder separator-right\" style=\"border-color: #000000;\"><\/span><\/div><\/div>[vc_empty_space height=&#8220;30px&#8220;][vc_column_text css=&#8220;&#8220;]<strong>Waffel mit Kirschen komplett* 12,5<\/strong><\/p>\n<p>Mit Eis, Schlagsahne und Kaffee<\/p>\n<p><strong>Apfelkuchen komplett* 12,5<\/strong><\/p>\n<p>Mit Eis, Schlagsahne und Kaffee<\/p>\n<p><strong>Apfelkuchen 5,5<\/strong><\/p>\n<p><strong>Limburgischer Vlaai 3,75<\/strong><\/p>\n<p>Aprikose oder Kirsche<\/p>\n<p><strong>Geb\u00e4ck des Tages 5,5<\/strong><\/p>\n<p><strong>Waffel mit Spekulatius 10<\/strong><\/p>\n<p><strong>Waffel mit Puderzucker 4,5<\/strong><\/p>\n<p><strong>Poffertjes Deluxe 8,5<\/strong><\/p>\n<p>Mit Eis, Schlagsahne und Puderzucker<\/p>\n<p><strong>Poffertje mit Puderzucker 5<\/strong><\/p>\n<p><em>*) Sie k\u00f6nnen diese K\u00f6stlichkeiten auch mit einem anderen Hei\u00dfgetr\u00e4nk<br \/>\n<\/em><em>Ihrer Wahl gegen einen Aufpreis von maximal 4,25 bestellen<\/em>[\/vc_column_text]<div class=\"dt-fancy-separator title-left h3-size style-disabled\" style=\"width: 100%;\"><div class=\"dt-fancy-title\" style=\"color: #000000;\"><span class=\"separator-holder separator-left\" style=\"border-color: #000000;\"><\/span>Lunchspecials<span class=\"separator-holder separator-right\" style=\"border-color: #000000;\"><\/span><\/div><\/div>[vc_empty_space height=&#8220;30px&#8220;][vc_column_text css=&#8220;&#8220;]<strong>Lunchspecial Fisch 25<\/strong><br \/>\nSuppe nach Wahl, Brot mit ger\u00e4uchertem Lachs, eine holl\u00e4ndische Garnelenkrokette und verschiedene Salate<\/p>\n<p><strong>Lunchspecial Fleisch 23<\/strong><br \/>\nSuppe nach Wahl, Brot mit marinierter Schweineschulter und Senfkaviar,<br \/>\n2 Mini-Kalbskroketten und verschiedene Salate<\/p>\n<p><strong>Lunchbrett f\u00fcr 2 Personen\u00a0 48<\/strong><br \/>\nSuppe nach Wahl, ger\u00e4ucherter Lachs, marinierte Schweineschulter, Mini-Buns mit Pulled Chicken und BBQ-Sauce, Ziegenk\u00e4se, Snackk\u00f6rbchen, verschiedene Salate und Brot mit Dips[\/vc_column_text]<div class=\"dt-fancy-separator title-left h3-size style-disabled\" style=\"width: 100%;\"><div class=\"dt-fancy-title\" style=\"color: #000000;\"><span class=\"separator-holder separator-left\" style=\"border-color: #000000;\"><\/span>Strammer (bis 17 Uhr)<span class=\"separator-holder separator-right\" style=\"border-color: #000000;\"><\/span><\/div><\/div>[vc_empty_space height=&#8220;30px&#8220;][vc_column_text css=&#8220;&#8220;]<strong>Strammer Max mit Rindercarpaccio 19,5<br \/>\n<\/strong>Mit Tr\u00fcffelmayonnaise<\/p>\n<p><strong>Strammer Max \u201eAlt Arce\u201c 18<br \/>\n<\/strong>Mit Speck, K\u00e4se, Schinken, Rucola, Zwiebeln und Champignons<\/p>\n<p><strong>Bauern-Strammer 18,5<\/strong><\/p>\n<p>Mit Speck, K\u00e4se, Schinken, Rucola, Zwiebeln, Champignons und Gem\u00fcse<\/p>\n<p><strong>Strammer Max naturell 13<br \/>\n<\/strong>W\u00e4hle deine eigene Belag<\/p>\n<p>&#8211; Speck +3<br \/>\n&#8211; K\u00e4se +1,5<br \/>\n&#8211; Schinken +2[\/vc_column_text][\/vc_column_inner][vc_column_inner width=&#8220;1\/2&#8243;]<div class=\"dt-fancy-separator title-left h3-size style-disabled\" style=\"width: 100%;\"><div class=\"dt-fancy-title\" style=\"color: #000000;\"><span class=\"separator-holder separator-left\" style=\"border-color: #000000;\"><\/span>Pfannkuchen (bis 17 Uhr)<span class=\"separator-holder separator-right\" style=\"border-color: #000000;\"><\/span><\/div><\/div>[vc_empty_space height=&#8220;30px&#8220;][vc_column_text css=&#8220;&#8220;]<strong>Pfannkuchen des K\u00fcchenchefs 16<\/strong><\/p>\n<p><strong>Bauernpfannkuchen 11,5<br \/>\n<\/strong>Mit Speck, Gem\u00fcse und Champignons<\/p>\n<p><strong>Pfannkuchen mit warmen Kirschen und Softeis 10,5<\/strong><\/p>\n<p><strong>Pfannkuchen natur 8,5<\/strong><\/p>\n<p>W\u00e4hle deine eigene Garnierung<br \/>\n&#8211; Apfel + 1,50 \u20ac<br \/>\n&#8211; Speck + 3,50 \u20ac<br \/>\n&#8211; K\u00e4se + 2,50 \u20ac[\/vc_column_text]<div class=\"dt-fancy-separator title-left h3-size style-disabled\" style=\"width: 100%;\"><div class=\"dt-fancy-title\" style=\"color: #000000;\"><span class=\"separator-holder separator-left\" style=\"border-color: #000000;\"><\/span>Br\u00f6tchen (bis 17 Uhr)<span class=\"separator-holder separator-right\" style=\"border-color: #000000;\"><\/span><\/div><\/div>[vc_empty_space height=&#8220;30px&#8220;][vc_column_text css=&#8220;&#8220;]<strong>Toast mit Eiern Benedict 23<br \/>\n<\/strong>Mit R\u00e4ucherlachs, Avocadocreme, pochiertem Ei und Hollandaise-Sauce<\/p>\n<p><strong>Toast mit Steak Tartar 22<br \/>\n<\/strong>Mit pochiertem Ei, Senfkaviar und Tr\u00fcffelmayonnaise<\/p>\n<p><strong>Lepinja-Brot mit Hertog Jan-Sauerfleisch 18<\/strong><\/p>\n<p><strong>Brot mit Rindercarpaccio 17,5<br \/>\n<\/strong>Mit Tr\u00fcffelmayonnaise<\/p>\n<p><strong>Brot mit Rote-Bete-Carpaccio und Ziegenk\u00e4se 19,5<\/strong><\/p>\n<p><strong>Mini-Br\u00f6tchen (4) mit Pulled Chicken und BBQ-Sauce 20,5<\/strong>[\/vc_column_text]<div class=\"dt-fancy-separator title-left h3-size style-disabled\" style=\"width: 100%;\"><div class=\"dt-fancy-title\" style=\"color: #000000;\"><span class=\"separator-holder separator-left\" style=\"border-color: #000000;\"><\/span>Flammkuchen XXL<span class=\"separator-holder separator-right\" style=\"border-color: #000000;\"><\/span><\/div><\/div>[vc_empty_space height=&#8220;30px&#8220;][vc_column_text css=&#8220;&#8220;][\/vc_column_text][vc_column_text css=&#8220;&#8220;]<strong>Flammkuchen mit ger\u00e4uchertem Lachs 26<br \/>\n<\/strong>Mit Kirschtomaten, Zwiebeln, Rucola und frischem<\/p>\n<p><strong>Flammkuchen mit Ziegenk\u00e4se 25<br \/>\n<\/strong>Mit Waln\u00fcssen, Rucola und Honig<\/p>\n<p><strong>Flammkuchen mit marinierter Schweineschulter 23<br \/>\n<\/strong>Mit Zwiebeln, Champignons, Rucola und Tr\u00fcffelmayonnaise[\/vc_column_text]<div class=\"dt-fancy-separator title-left h3-size style-disabled\" style=\"width: 100%;\"><div class=\"dt-fancy-title\" style=\"color: #000000;\"><span class=\"separator-holder separator-left\" style=\"border-color: #000000;\"><\/span>Kroketten<span class=\"separator-holder separator-right\" style=\"border-color: #000000;\"><\/span><\/div><\/div>[vc_empty_space height=&#8220;30px&#8220;][vc_column_text css=&#8220;&#8220;]<strong>2 holl\u00e4ndische Garnelenkroketten 21,5<\/strong><\/p>\n<p><strong>2 Limburger Kroketten 15<\/strong><\/p>\n<p><strong>2 K\u00e4se-Rucola-Kroketten 14,5<\/strong><\/p>\n<p><strong>2 Frikandellen 12<\/strong><\/p>\n<p>Wahl zwischen Pommes frites oder Brot[\/vc_column_text][\/vc_column_inner][\/vc_row_inner][\/vc_column][\/vc_row]<\/p>\n<\/div>","protected":false},"excerpt":{"rendered":"<p>[vc_row css=&#8220;.vc_custom_1665080519460{margin-top: 40px !important;}&#8220;][vc_column][vc_row_inner][vc_column_inner width=&#8220;1\/2&#8243; offset=&#8220;vc_col-xs-12&#8243;][vc_empty_space height=&#8220;30px&#8220;][vc_column_text css=&#8220;&#8220;]Waffel mit Kirschen komplett* 12,5 Mit Eis, Schlagsahne und Kaffee Apfelkuchen komplett* 12,5 Mit Eis, Schlagsahne und Kaffee Apfelkuchen 5,5 Limburgischer Vlaai 3,75 Aprikose oder Kirsche Geb\u00e4ck des Tages 5,5 Waffel mit Spekulatius 10 Waffel mit Puderzucker 4,5 Poffertjes Deluxe 8,5 Mit Eis, Schlagsahne und Puderzucker Poffertje mit&hellip;<\/p>\n","protected":false},"author":1,"featured_media":0,"parent":0,"menu_order":0,"comment_status":"closed","ping_status":"closed","template":"","meta":{"footnotes":""},"class_list":["post-7328","page","type-page","status-publish","hentry","description-off"],"yoast_head":"<!-- This site is optimized with the Yoast SEO plugin v23.7 - https:\/\/yoast.com\/wordpress\/plugins\/seo\/ -->\n<title>Mittagsmen\u00fc - Restaurant &amp; brasserie Alt Arce<\/title>\n<meta name=\"robots\" content=\"index, follow, max-snippet:-1, max-image-preview:large, max-video-preview:-1\" \/>\n<link rel=\"canonical\" href=\"https:\/\/altarce.nl\/de\/mittagsmenue\/\" \/>\n<meta property=\"og:locale\" content=\"de_DE\" \/>\n<meta property=\"og:type\" content=\"article\" \/>\n<meta property=\"og:title\" content=\"Mittagsmen\u00fc - Restaurant &amp; brasserie Alt Arce\" \/>\n<meta property=\"og:description\" content=\"[vc_row css=&#8220;.vc_custom_1665080519460{margin-top: 40px !important;}&#8220;][vc_column][vc_row_inner][vc_column_inner width=&#8220;1\/2&#8243; offset=&#8220;vc_col-xs-12&#8243;][vc_empty_space height=&#8220;30px&#8220;][vc_column_text css=&#8220;&#8220;]Waffel mit Kirschen komplett* 12,5 Mit Eis, Schlagsahne und Kaffee Apfelkuchen komplett* 12,5 Mit Eis, Schlagsahne und Kaffee Apfelkuchen 5,5 Limburgischer Vlaai 3,75 Aprikose oder Kirsche Geb\u00e4ck des Tages 5,5 Waffel mit Spekulatius 10 Waffel mit Puderzucker 4,5 Poffertjes Deluxe 8,5 Mit Eis, Schlagsahne und Puderzucker Poffertje mit&hellip;\" \/>\n<meta property=\"og:url\" content=\"https:\/\/altarce.nl\/de\/mittagsmenue\/\" \/>\n<meta property=\"og:site_name\" content=\"Restaurant &amp; brasserie Alt Arce\" \/>\n<meta property=\"article:modified_time\" content=\"2026-04-11T13:09:04+00:00\" \/>\n<meta name=\"twitter:card\" content=\"summary_large_image\" \/>\n<meta name=\"twitter:label1\" content=\"Gesch\u00e4tzte Lesezeit\" \/>\n\t<meta name=\"twitter:data1\" content=\"2\u00a0Minuten\" \/>\n<script type=\"application\/ld+json\" class=\"yoast-schema-graph\">{\"@context\":\"https:\/\/schema.org\",\"@graph\":[{\"@type\":\"WebPage\",\"@id\":\"https:\/\/altarce.nl\/de\/mittagsmenue\/\",\"url\":\"https:\/\/altarce.nl\/de\/mittagsmenue\/\",\"name\":\"Mittagsmen\u00fc - Restaurant &amp; brasserie Alt Arce\",\"isPartOf\":{\"@id\":\"https:\/\/altarce.nl\/#website\"},\"datePublished\":\"2024-05-13T17:17:45+00:00\",\"dateModified\":\"2026-04-11T13:09:04+00:00\",\"breadcrumb\":{\"@id\":\"https:\/\/altarce.nl\/de\/mittagsmenue\/#breadcrumb\"},\"inLanguage\":\"de\",\"potentialAction\":[{\"@type\":\"ReadAction\",\"target\":[\"https:\/\/altarce.nl\/de\/mittagsmenue\/\"]}]},{\"@type\":\"BreadcrumbList\",\"@id\":\"https:\/\/altarce.nl\/de\/mittagsmenue\/#breadcrumb\",\"itemListElement\":[{\"@type\":\"ListItem\",\"position\":1,\"name\":\"Home\",\"item\":\"https:\/\/altarce.nl\/de\/\"},{\"@type\":\"ListItem\",\"position\":2,\"name\":\"Mittagsmen\u00fc\"}]},{\"@type\":\"WebSite\",\"@id\":\"https:\/\/altarce.nl\/#website\",\"url\":\"https:\/\/altarce.nl\/\",\"name\":\"Restaurant &amp; brasserie Alt Arce\",\"description\":\"Puur genieten aan de Maas\",\"potentialAction\":[{\"@type\":\"SearchAction\",\"target\":{\"@type\":\"EntryPoint\",\"urlTemplate\":\"https:\/\/altarce.nl\/?s={search_term_string}\"},\"query-input\":{\"@type\":\"PropertyValueSpecification\",\"valueRequired\":true,\"valueName\":\"search_term_string\"}}],\"inLanguage\":\"de\"}]}<\/script>\n<!-- \/ Yoast SEO plugin. -->","yoast_head_json":{"title":"Mittagsmen\u00fc - Restaurant &amp; brasserie Alt Arce","robots":{"index":"index","follow":"follow","max-snippet":"max-snippet:-1","max-image-preview":"max-image-preview:large","max-video-preview":"max-video-preview:-1"},"canonical":"https:\/\/altarce.nl\/de\/mittagsmenue\/","og_locale":"de_DE","og_type":"article","og_title":"Mittagsmen\u00fc - Restaurant &amp; brasserie Alt Arce","og_description":"[vc_row css=&#8220;.vc_custom_1665080519460{margin-top: 40px !important;}&#8220;][vc_column][vc_row_inner][vc_column_inner width=&#8220;1\/2&#8243; offset=&#8220;vc_col-xs-12&#8243;][vc_empty_space height=&#8220;30px&#8220;][vc_column_text css=&#8220;&#8220;]Waffel mit Kirschen komplett* 12,5 Mit Eis, Schlagsahne und Kaffee Apfelkuchen komplett* 12,5 Mit Eis, Schlagsahne und Kaffee Apfelkuchen 5,5 Limburgischer Vlaai 3,75 Aprikose oder Kirsche Geb\u00e4ck des Tages 5,5 Waffel mit Spekulatius 10 Waffel mit Puderzucker 4,5 Poffertjes Deluxe 8,5 Mit Eis, Schlagsahne und Puderzucker Poffertje mit&hellip;","og_url":"https:\/\/altarce.nl\/de\/mittagsmenue\/","og_site_name":"Restaurant &amp; brasserie Alt Arce","article_modified_time":"2026-04-11T13:09:04+00:00","twitter_card":"summary_large_image","twitter_misc":{"Gesch\u00e4tzte Lesezeit":"2\u00a0Minuten"},"schema":{"@context":"https:\/\/schema.org","@graph":[{"@type":"WebPage","@id":"https:\/\/altarce.nl\/de\/mittagsmenue\/","url":"https:\/\/altarce.nl\/de\/mittagsmenue\/","name":"Mittagsmen\u00fc - Restaurant &amp; brasserie Alt Arce","isPartOf":{"@id":"https:\/\/altarce.nl\/#website"},"datePublished":"2024-05-13T17:17:45+00:00","dateModified":"2026-04-11T13:09:04+00:00","breadcrumb":{"@id":"https:\/\/altarce.nl\/de\/mittagsmenue\/#breadcrumb"},"inLanguage":"de","potentialAction":[{"@type":"ReadAction","target":["https:\/\/altarce.nl\/de\/mittagsmenue\/"]}]},{"@type":"BreadcrumbList","@id":"https:\/\/altarce.nl\/de\/mittagsmenue\/#breadcrumb","itemListElement":[{"@type":"ListItem","position":1,"name":"Home","item":"https:\/\/altarce.nl\/de\/"},{"@type":"ListItem","position":2,"name":"Mittagsmen\u00fc"}]},{"@type":"WebSite","@id":"https:\/\/altarce.nl\/#website","url":"https:\/\/altarce.nl\/","name":"Restaurant &amp; brasserie Alt Arce","description":"Puur genieten aan de Maas","potentialAction":[{"@type":"SearchAction","target":{"@type":"EntryPoint","urlTemplate":"https:\/\/altarce.nl\/?s={search_term_string}"},"query-input":{"@type":"PropertyValueSpecification","valueRequired":true,"valueName":"search_term_string"}}],"inLanguage":"de"}]}},"_links":{"self":[{"href":"https:\/\/altarce.nl\/de\/wp-json\/wp\/v2\/pages\/7328"}],"collection":[{"href":"https:\/\/altarce.nl\/de\/wp-json\/wp\/v2\/pages"}],"about":[{"href":"https:\/\/altarce.nl\/de\/wp-json\/wp\/v2\/types\/page"}],"author":[{"embeddable":true,"href":"https:\/\/altarce.nl\/de\/wp-json\/wp\/v2\/users\/1"}],"replies":[{"embeddable":true,"href":"https:\/\/altarce.nl\/de\/wp-json\/wp\/v2\/comments?post=7328"}],"version-history":[{"count":23,"href":"https:\/\/altarce.nl\/de\/wp-json\/wp\/v2\/pages\/7328\/revisions"}],"predecessor-version":[{"id":7597,"href":"https:\/\/altarce.nl\/de\/wp-json\/wp\/v2\/pages\/7328\/revisions\/7597"}],"wp:attachment":[{"href":"https:\/\/altarce.nl\/de\/wp-json\/wp\/v2\/media?parent=7328"}],"curies":[{"name":"wp","href":"https:\/\/api.w.org\/{rel}","templated":true}]}}