{"id":6821,"date":"2022-12-18T16:48:51","date_gmt":"2022-12-18T16:48:51","guid":{"rendered":"https:\/\/nieuw.altarce.nl\/werken-bij\/"},"modified":"2022-12-18T19:42:49","modified_gmt":"2022-12-18T19:42:49","slug":"arbeiten-bei","status":"publish","type":"page","link":"https:\/\/altarce.nl\/de\/arbeiten-bei\/","title":{"rendered":"Arbeiten bei"},"content":{"rendered":"<div class=\"wpb-content-wrapper\"><p>[vc_row content_placement=&#8220;middle&#8220; css=&#8220;.vc_custom_1664734680960{margin-top: 50px !important;}&#8220;][vc_column][vc_column_text]Suchen Sie sich einen Job im Service, hinter der Theke, als Koch oder in der Sp\u00fcle. Alt Arce und das Restaurant Sjef bieten daher mehrere freie Stellen im Gastgewerbe an. Als Mitarbeiter im Gastgewerbe sorgen Sie f\u00fcr Service, Atmosph\u00e4re und Spa\u00df. So bereiten Sie unseren G\u00e4sten einen Spitzenabend![\/vc_column_text][vc_empty_space height=&#8220;16px&#8220;][\/vc_column][\/vc_row][vc_row][vc_column width=&#8220;1\/2&#8243;][vc_column_text]<\/p>\n<h3>Holen Sie sich, was Sie verdient haben<\/h3>\n<p>Bei Alt Arce und im Restaurant Sjef werden Sie nach den Tarifen des Tarifvertrags f\u00fcr das Gastst\u00e4ttengewerbe bezahlt. Bei Alt Arce und im Restaurant Sjef kommen Sie au\u00dferdem in den Genuss zahlreicher Zusatzleistungen. Sie erhalten zum Beispiel einen sch\u00f6nen Rabatt auf Ihre Krankenversicherung, Sie k\u00f6nnen ein g\u00fcnstiges Fitness-Abonnement in Ihrer Nachbarschaft abschlie\u00dfen und wir nehmen am Fahrradplan teil, der Ihnen einen betr\u00e4chtlichen Rabatt beim Kauf eines neuen Fahrrads gew\u00e4hrt!<\/p>\n<p>&nbsp;<\/p>\n<h3>Arbeitsbereiche<\/h3>\n<p>Zu den Arbeitsbereichen im Alt Arce und im Restaurant Sjef geh\u00f6ren die Bedienung und die korrekte Ansprache der G\u00e4ste, die Bereitstellung von Mittag- und Abendessen sowie die Reinigung und Instandhaltung der verschiedenen R\u00e4umlichkeiten und Abteilungen.<\/p>\n<p>&nbsp;<\/p>\n<h3>Vielfalt<\/h3>\n<p>Unsere Mitarbeiter sind so unterschiedlich wie die Produkte und Dienstleistungen, die sie verkaufen. Sie arbeiten in verschiedenen Bereichen und haben unterschiedliche Hintergr\u00fcnde. Ob m\u00e4nnlich oder weiblich, wei\u00df oder schwarz, jung oder alt &#8211; diese Vielfalt macht uns st\u00e4rker.[\/vc_column_text][\/vc_column][vc_column width=&#8220;1\/2&#8243;][vc_column_text]<\/p>\n<h3>Wo wir uns unterscheiden, erg\u00e4nzen wir uns!<\/h3>\n<p>Bei der Vielfalt geht es uns um die richtige Mischung aus allen Arten von Menschen. Wir achten auf eine vielf\u00e4ltige Zusammensetzung unserer Teams. F\u00e4higkeiten und Kenntnisse sind nach wie vor die wichtigsten Kriterien. Ihre Hobbys, Ihre sexuelle Orientierung oder Ihre Religion stehen dem nicht im Wege. Denn vielleicht ist es ja gerade Ihr anderer Blickwinkel, der uns auf neue Ideen bringt. Bei Alt Arce und im Restaurant Sjef finden Sie eine offene Unternehmenskultur, in der Respekt und Raum f\u00fcr authentische Pers\u00f6nlichkeiten an erster Stelle stehen.<\/p>\n<p>&nbsp;<\/p>\n<h3>Wer arbeitet bei Alt Arce?<\/h3>\n<p>Im Alt Arce und im Restaurant Sjef sind wir stolz darauf, unseren G\u00e4sten das ultimative Erlebnis zu bieten. Die Leidenschaft in der Werkstatt ist ansteckend und gibt unseren Mitarbeitern das Gef\u00fchl, \u00fcber ihre eigenen Abteilungen hinaus involviert zu sein.<\/p>\n<p>In den G\u00e4ngen von Alt Arce und dem Restaurant Sjef trifft man auf die unterschiedlichsten Menschen. Der eine wei\u00df alles \u00fcber das Kochen und der andere bedient die G\u00e4ste. Aber wir haben eines gemeinsam: Wir sind stolz auf unsere Arbeit, stolz auf die Marken, f\u00fcr die wir arbeiten. Die Leidenschaft unserer Mitarbeiter in den Werkst\u00e4tten ist ansteckend. Diese Atmosph\u00e4re sorgt daf\u00fcr, dass sich auch neue Mitarbeiter schnell in Alt Arce und das Restaurant Sjef eingebunden f\u00fchlen.[\/vc_column_text][\/vc_column][\/vc_row][vc_row][vc_column]<div id=\"ultimate-heading-67766a00c9b35f952\" class=\"uvc-heading ult-adjust-bottom-margin ultimate-heading-67766a00c9b35f952 uvc-2513 \" data-hspacer=\"no_spacer\"  data-halign=\"left\" style=\"text-align:left\"><div class=\"uvc-heading-spacer no_spacer\" style=\"top\"><\/div><div class=\"uvc-main-heading ult-responsive\"  data-ultimate-target='.uvc-heading.ultimate-heading-67766a00c9b35f952 h1'  data-responsive-json-new='{\"font-size\":\"desktop:40px;\",\"line-height\":\"\"}' ><h1 style=\"--font-weight:theme;color:#000000;margin-bottom:20px;\">Stellenangebote<\/h1><\/div><\/div><style type=\"text\/css\" data-type=\"the7_shortcodes-inline-css\">.blog-shortcode.blog-list-shortcode-id-1bc07d2cf8b386cb76623eeade4ba634.dividers-on.classic-layout-list article {\n  margin-top: 50px;\n  padding-top: 0;\n}\n.blog-shortcode.blog-list-shortcode-id-1bc07d2cf8b386cb76623eeade4ba634.dividers-on.classic-layout-list article:first-of-type {\n  margin-top: 0;\n  padding-top: 0;\n}\n.blog-shortcode.blog-list-shortcode-id-1bc07d2cf8b386cb76623eeade4ba634.classic-layout-list.mode-list .post-thumbnail-wrap {\n  width: 50%;\n}\n.blog-shortcode.blog-list-shortcode-id-1bc07d2cf8b386cb76623eeade4ba634.classic-layout-list.mode-list .post-entry-content {\n  width: calc(100% - 50%);\n}\n.blog-shortcode.blog-list-shortcode-id-1bc07d2cf8b386cb76623eeade4ba634.classic-layout-list.mode-list .no-img .post-entry-content {\n  width: 100%;\n}\n.blog-shortcode.blog-list-shortcode-id-1bc07d2cf8b386cb76623eeade4ba634 .filter-bg-decoration .filter-categories a.act {\n  color: #fff;\n}\n.blog-shortcode.blog-list-shortcode-id-1bc07d2cf8b386cb76623eeade4ba634:not(.mode-masonry) article {\n  margin-top: 50px;\n}\n.blog-shortcode.blog-list-shortcode-id-1bc07d2cf8b386cb76623eeade4ba634:not(.mode-masonry) article:first-of-type,\n.blog-shortcode.blog-list-shortcode-id-1bc07d2cf8b386cb76623eeade4ba634:not(.mode-masonry) article.visible.first:not(.product) {\n  margin-top: 0;\n}\n.blog-shortcode.blog-list-shortcode-id-1bc07d2cf8b386cb76623eeade4ba634.dividers-on:not(.mode-masonry) article {\n  margin-top: 0;\n  padding-top: 50px;\n}\n.blog-shortcode.blog-list-shortcode-id-1bc07d2cf8b386cb76623eeade4ba634.dividers-on:not(.mode-masonry) article:first-of-type,\n.blog-shortcode.blog-list-shortcode-id-1bc07d2cf8b386cb76623eeade4ba634.dividers-on:not(.mode-masonry) article.visible.first:not(.product) {\n  margin-top: 0;\n  padding-top: 0;\n}\n.blog-shortcode.blog-list-shortcode-id-1bc07d2cf8b386cb76623eeade4ba634 .post-thumbnail-wrap {\n  padding: 0px 0px 0px 0px;\n}\n.blog-shortcode.blog-list-shortcode-id-1bc07d2cf8b386cb76623eeade4ba634.enable-bg-rollover .post-thumbnail-rollover:after {\n  background: -webkit-linear-gradient();\n  background: linear-gradient();\n}\n.blog-shortcode.blog-list-shortcode-id-1bc07d2cf8b386cb76623eeade4ba634 .gallery-zoom-ico {\n  width: 44px;\n  height: 44px;\n  line-height: 44px;\n  border-radius: 100px;\n  margin: -22px 0 0 -22px;\n  border-width: 0px;\n  color: #ffffff;\n}\n.bottom-overlap-layout-list.blog-shortcode.blog-list-shortcode-id-1bc07d2cf8b386cb76623eeade4ba634 .gallery-zoom-ico {\n  margin-top: -22px;\n}\n.gradient-overlay-layout-list.blog-shortcode.blog-list-shortcode-id-1bc07d2cf8b386cb76623eeade4ba634 .gallery-zoom-ico,\n.content-rollover-layout-list.blog-shortcode.blog-list-shortcode-id-1bc07d2cf8b386cb76623eeade4ba634 .gallery-zoom-ico {\n  margin: 0 0 10px;\n}\n.content-align-center.gradient-overlay-layout-list.blog-shortcode.blog-list-shortcode-id-1bc07d2cf8b386cb76623eeade4ba634 .gallery-zoom-ico,\n.content-align-center.content-rollover-layout-list.blog-shortcode.blog-list-shortcode-id-1bc07d2cf8b386cb76623eeade4ba634 .gallery-zoom-ico {\n  margin: 0 auto 10px;\n}\n.dt-icon-bg-on.blog-shortcode.blog-list-shortcode-id-1bc07d2cf8b386cb76623eeade4ba634 .gallery-zoom-ico {\n  background: rgba(255,255,255,0.3);\n  box-shadow: none;\n}\n.blog-shortcode.blog-list-shortcode-id-1bc07d2cf8b386cb76623eeade4ba634 .gallery-zoom-ico > span,\n.blog-shortcode.blog-list-shortcode-id-1bc07d2cf8b386cb76623eeade4ba634 .gallery-zoom-ico:before {\n  font-size: 32px;\n  line-height: 44px;\n}\n.blog-shortcode.blog-list-shortcode-id-1bc07d2cf8b386cb76623eeade4ba634 .gallery-zoom-ico > span,\n.blog-shortcode.blog-list-shortcode-id-1bc07d2cf8b386cb76623eeade4ba634 .gallery-zoom-ico:before {\n  color: #ffffff;\n}\n.blog-shortcode.blog-list-shortcode-id-1bc07d2cf8b386cb76623eeade4ba634 .fancy-date a {\n  background: #ffffff;\n  box-shadow: none;\n}\n.blog-shortcode.blog-list-shortcode-id-1bc07d2cf8b386cb76623eeade4ba634 .fancy-date a * {\n  color: #2d2d2d;\n}\n.blog-shortcode.blog-list-shortcode-id-1bc07d2cf8b386cb76623eeade4ba634 .entry-title,\n.blog-shortcode.blog-list-shortcode-id-1bc07d2cf8b386cb76623eeade4ba634.owl-carousel .entry-title {\n  margin-bottom: 5px;\n  font-weight: bold;\n}\n.blog-shortcode.blog-list-shortcode-id-1bc07d2cf8b386cb76623eeade4ba634 .entry-meta {\n  margin-bottom: 15px;\n}\n.blog-shortcode.blog-list-shortcode-id-1bc07d2cf8b386cb76623eeade4ba634 .portfolio-categories {\n  margin-bottom: 15px;\n}\n.blog-shortcode.blog-list-shortcode-id-1bc07d2cf8b386cb76623eeade4ba634 .entry-excerpt {\n  margin-bottom: 5px;\n}\n.blog-shortcode.blog-list-shortcode-id-1bc07d2cf8b386cb76623eeade4ba634:not(.centered-layout-list) .post-entry-content {\n  padding: 25px 30px 30px 30px;\n}\n.blog-shortcode.blog-list-shortcode-id-1bc07d2cf8b386cb76623eeade4ba634:not(.centered-layout-list):not(.content-bg-on):not(.mode-list) .no-img .post-entry-content {\n  padding: 0;\n}\n@media screen and (max-width: 768px) {\n  .blog-shortcode.blog-list-shortcode-id-1bc07d2cf8b386cb76623eeade4ba634 article {\n    -ms-flex-flow: column nowrap;\n    flex-flow: column nowrap;\n    margin-top: 20px;\n  }\n  .blog-shortcode.blog-list-shortcode-id-1bc07d2cf8b386cb76623eeade4ba634.dividers-on article {\n    border: none;\n  }\n  .blog-shortcode.blog-list-shortcode-id-1bc07d2cf8b386cb76623eeade4ba634.content-bg-on.centered-layout-list article {\n    padding: 0;\n  }\n  .blog-shortcode.blog-list-shortcode-id-1bc07d2cf8b386cb76623eeade4ba634.blog-shortcode.dividers-on article,\n  .blog-shortcode.blog-list-shortcode-id-1bc07d2cf8b386cb76623eeade4ba634.dividers-on.classic-layout-list article {\n    margin-top: 20px;\n    padding: 0;\n  }\n  .blog-shortcode.blog-list-shortcode-id-1bc07d2cf8b386cb76623eeade4ba634.blog-shortcode.dividers-on article:first-of-type,\n  .blog-shortcode.blog-list-shortcode-id-1bc07d2cf8b386cb76623eeade4ba634.dividers-on.classic-layout-list article:first-of-type {\n    padding: 0;\n  }\n  #page .blog-shortcode.blog-list-shortcode-id-1bc07d2cf8b386cb76623eeade4ba634 .post-thumbnail-wrap,\n  #page .blog-shortcode.blog-list-shortcode-id-1bc07d2cf8b386cb76623eeade4ba634 .post-entry-content {\n    width: 100%;\n    margin: 0;\n    top: 0;\n  }\n  #page .blog-shortcode.blog-list-shortcode-id-1bc07d2cf8b386cb76623eeade4ba634 .post-thumbnail-wrap {\n    padding: 0;\n  }\n  #page .blog-shortcode.blog-list-shortcode-id-1bc07d2cf8b386cb76623eeade4ba634 .post-entry-content:after {\n    display: none;\n  }\n  #page .blog-shortcode.blog-list-shortcode-id-1bc07d2cf8b386cb76623eeade4ba634 .project-even .post-thumbnail-wrap,\n  #page .blog-shortcode.blog-list-shortcode-id-1bc07d2cf8b386cb76623eeade4ba634.centered-layout-list .post-thumbnail-wrap {\n    -ms-flex-order: 0;\n    order: 0;\n  }\n  #page .blog-shortcode.blog-list-shortcode-id-1bc07d2cf8b386cb76623eeade4ba634.centered-layout-list .post-entry-title-content {\n    -ms-flex-order: 1;\n    order: 1;\n    width: 100%;\n    padding: 20px 20px 0;\n  }\n  #page .blog-shortcode.blog-list-shortcode-id-1bc07d2cf8b386cb76623eeade4ba634.centered-layout-list .post-entry-content {\n    -ms-flex-order: 2;\n    order: 2;\n    padding-top: 0;\n  }\n  #page .blog-shortcode.blog-list-shortcode-id-1bc07d2cf8b386cb76623eeade4ba634 .fancy-categories {\n    top: 10px;\n    left: 10px;\n    bottom: auto;\n    right: auto;\n  }\n  #page .blog-shortcode.blog-list-shortcode-id-1bc07d2cf8b386cb76623eeade4ba634 .fancy-date a {\n    top: 10px;\n    right: 10px;\n    left: auto;\n    bottom: auto;\n  }\n  #page .blog-shortcode.blog-list-shortcode-id-1bc07d2cf8b386cb76623eeade4ba634 .post-entry-content {\n    padding: 20px;\n  }\n  #page .blog-shortcode.blog-list-shortcode-id-1bc07d2cf8b386cb76623eeade4ba634 .entry-title {\n    margin: 3px 0 5px;\n    font-size: 20px;\n    line-height: 26px;\n  }\n  #page .blog-shortcode.blog-list-shortcode-id-1bc07d2cf8b386cb76623eeade4ba634 .entry-meta {\n    margin: 5px 0 5px;\n  }\n  #page .blog-shortcode.blog-list-shortcode-id-1bc07d2cf8b386cb76623eeade4ba634 .entry-excerpt {\n    margin: 15px 0 0;\n  }\n  #page .blog-shortcode.blog-list-shortcode-id-1bc07d2cf8b386cb76623eeade4ba634 .post-details {\n    margin: 5px 0 10px;\n  }\n  #page .blog-shortcode.blog-list-shortcode-id-1bc07d2cf8b386cb76623eeade4ba634 .post-details.details-type-link {\n    margin-bottom: 2px;\n  }\n}\n<\/style><div class=\"articles-list blog-shortcode mode-list blog-list-shortcode-id-1bc07d2cf8b386cb76623eeade4ba634 classic-layout-list content-bg-on jquery-filter scale-img dt-icon-bg-off loading-effect-fade-in\" data-cur-page=\"1\" data-post-limit=\"-1\" data-pagination-mode=\"none\"><article class=\"post project-odd visible no-img post-6888 type-post status-publish format-standard hentry category-vacatures-de category-71 description-off\" data-name=\"Servicemitarbeiter gesucht\" data-date=\"2022-10-03T18:48:30+00:00\">\n\n<div class=\"post-entry-content\">\n\n\t<h3 class=\"entry-title\">\n\t\t<a href=\"https:\/\/altarce.nl\/de\/servicemitarbeiter-gesucht\/\" title=\"Servicemitarbeiter gesucht\" rel=\"bookmark\">Servicemitarbeiter gesucht<\/a>\n\t<\/h3>\n\n\t<div class=\"entry-meta\"><span class=\"category-link\"><a href=\"https:\/\/altarce.nl\/de\/category\/vacatures-de\/\" >Vacatures<\/a><\/span><a class=\"author vcard\" href=\"https:\/\/altarce.nl\/de\/author\/info_zu9xve11\/\" title=\"Zeige alle Beitr\u00e4ge von admin\" rel=\"author\">Von <span class=\"fn\">admin<\/span><\/a><a href=\"https:\/\/altarce.nl\/de\/2022\/10\/03\/\" title=\"6:48 p.m.\" class=\"data-link\" rel=\"bookmark\"><time class=\"entry-date updated\" datetime=\"2022-10-03T18:48:30+00:00\">Oktober 3, 2022<\/time><\/a><a href=\"https:\/\/altarce.nl\/de\/servicemitarbeiter-gesucht\/#comments\" class=\"comment-link\" >1 Kommentar<\/a><\/div>\n\t<div class=\"entry-excerpt\"><p>[vc_row][vc_column][vc_column_text] Jij bent die collega die het niet erg vindt om de handen uit de mouwen te steken. Je bent een echte gastvrouw \/ -heer met een groot inlevingsvermogen, je hebt oog voor detail en het ontzorgen van de gast is je tweede natuur. Helder communiceren gaat je gemakkelijk af en je bent als vanzelfsprekend&hellip;<\/p>\n<\/div>\n\t\n<a href=\"https:\/\/altarce.nl\/de\/servicemitarbeiter-gesucht\/\" class=\"post-details details-type-link\" aria-label=\"Read more about Servicemitarbeiter gesucht\">Mehr lesen<i class=\"dt-icon-the7-arrow-03\" aria-hidden=\"true\"><\/i><\/a>\n\n<\/div><\/article><article class=\"post project-odd visible no-img post-6894 type-post status-publish format-standard hentry category-vacatures-de category-71 description-off\" data-name=\"K\u00fcchenhilfe gesucht\" data-date=\"2022-09-18T16:33:12+00:00\">\n\n<div class=\"post-entry-content\">\n\n\t<h3 class=\"entry-title\">\n\t\t<a href=\"https:\/\/altarce.nl\/de\/kuechenhilfe-gesucht\/\" title=\"K\u00fcchenhilfe gesucht\" rel=\"bookmark\">K\u00fcchenhilfe gesucht<\/a>\n\t<\/h3>\n\n\t<div class=\"entry-meta\"><span class=\"category-link\"><a href=\"https:\/\/altarce.nl\/de\/category\/vacatures-de\/\" >Vacatures<\/a><\/span><a class=\"author vcard\" href=\"https:\/\/altarce.nl\/de\/author\/info_zu9xve11\/\" title=\"Zeige alle Beitr\u00e4ge von admin\" rel=\"author\">Von <span class=\"fn\">admin<\/span><\/a><a href=\"https:\/\/altarce.nl\/de\/2022\/09\/18\/\" title=\"4:33 p.m.\" class=\"data-link\" rel=\"bookmark\"><time class=\"entry-date updated\" datetime=\"2022-09-18T16:33:12+00:00\">September 18, 2022<\/time><\/a><a href=\"https:\/\/altarce.nl\/de\/kuechenhilfe-gesucht\/#comments\" class=\"comment-link\" >790 Kommentare<\/a><\/div>\n\t<div class=\"entry-excerpt\"><p>[vc_row][vc_column][vc_column_text] Ben jij op zoek naar een leuke bijbaan naast je studie? Vind je het leuk om te koken of wil je dit graag leren? Huil je niet van uien en ben je in staat de flauwe humor van de chefs op smaak te brengen?\u00a0 Wij zoeken enthousiaste collega\u2019s die parttime aan de slag willen&hellip;<\/p>\n<\/div>\n\t\n<a href=\"https:\/\/altarce.nl\/de\/kuechenhilfe-gesucht\/\" class=\"post-details details-type-link\" aria-label=\"Read more about K\u00fcchenhilfe gesucht\">Mehr lesen<i class=\"dt-icon-the7-arrow-03\" aria-hidden=\"true\"><\/i><\/a>\n\n<\/div><\/article><\/div>[vc_empty_space][\/vc_column][\/vc_row]<\/p>\n<\/div>","protected":false},"excerpt":{"rendered":"<p>[vc_row content_placement=&#8220;middle&#8220; css=&#8220;.vc_custom_1664734680960{margin-top: 50px !important;}&#8220;][vc_column][vc_column_text]Suchen Sie sich einen Job im Service, hinter der Theke, als Koch oder in der Sp\u00fcle. Alt Arce und das Restaurant Sjef bieten daher mehrere freie Stellen im Gastgewerbe an. Als Mitarbeiter im Gastgewerbe sorgen Sie f\u00fcr Service, Atmosph\u00e4re und Spa\u00df. So bereiten Sie unseren G\u00e4sten einen Spitzenabend![\/vc_column_text][vc_empty_space height=&#8220;16px&#8220;][\/vc_column][\/vc_row][vc_row][vc_column width=&#8220;1\/2&#8243;][vc_column_text] Holen&hellip;<\/p>\n","protected":false},"author":2,"featured_media":0,"parent":0,"menu_order":10,"comment_status":"closed","ping_status":"closed","template":"","meta":{"footnotes":""},"class_list":["post-6821","page","type-page","status-publish","hentry","description-off"],"yoast_head":"<!-- This site is optimized with the Yoast SEO plugin v23.7 - https:\/\/yoast.com\/wordpress\/plugins\/seo\/ -->\n<title>Arbeiten bei - Restaurant &amp; brasserie Alt Arce<\/title>\n<meta name=\"robots\" content=\"index, follow, max-snippet:-1, max-image-preview:large, max-video-preview:-1\" \/>\n<link rel=\"canonical\" href=\"https:\/\/altarce.nl\/werken-bij\/\" \/>\n<meta property=\"og:locale\" content=\"de_DE\" \/>\n<meta property=\"og:type\" content=\"article\" \/>\n<meta property=\"og:title\" content=\"Arbeiten bei - Restaurant &amp; brasserie Alt Arce\" \/>\n<meta property=\"og:description\" content=\"[vc_row content_placement=&#8220;middle&#8220; css=&#8220;.vc_custom_1664734680960{margin-top: 50px !important;}&#8220;][vc_column][vc_column_text]Suchen Sie sich einen Job im Service, hinter der Theke, als Koch oder in der Sp\u00fcle. Alt Arce und das Restaurant Sjef bieten daher mehrere freie Stellen im Gastgewerbe an. Als Mitarbeiter im Gastgewerbe sorgen Sie f\u00fcr Service, Atmosph\u00e4re und Spa\u00df. So bereiten Sie unseren G\u00e4sten einen Spitzenabend![\/vc_column_text][vc_empty_space height=&#8220;16px&#8220;][\/vc_column][\/vc_row][vc_row][vc_column width=&#8220;1\/2&#8243;][vc_column_text] Holen&hellip;\" \/>\n<meta property=\"og:url\" content=\"https:\/\/altarce.nl\/werken-bij\/\" \/>\n<meta property=\"og:site_name\" content=\"Restaurant &amp; brasserie Alt Arce\" \/>\n<meta property=\"article:modified_time\" content=\"2022-12-18T19:42:49+00:00\" \/>\n<meta name=\"twitter:card\" content=\"summary_large_image\" \/>\n<meta name=\"twitter:label1\" content=\"Gesch\u00e4tzte Lesezeit\" \/>\n\t<meta name=\"twitter:data1\" content=\"3\u00a0Minuten\" \/>\n<script type=\"application\/ld+json\" class=\"yoast-schema-graph\">{\"@context\":\"https:\/\/schema.org\",\"@graph\":[{\"@type\":\"WebPage\",\"@id\":\"https:\/\/altarce.nl\/werken-bij\/\",\"url\":\"https:\/\/altarce.nl\/werken-bij\/\",\"name\":\"Arbeiten bei - Restaurant &amp; brasserie Alt Arce\",\"isPartOf\":{\"@id\":\"https:\/\/altarce.nl\/#website\"},\"datePublished\":\"2022-12-18T16:48:51+00:00\",\"dateModified\":\"2022-12-18T19:42:49+00:00\",\"breadcrumb\":{\"@id\":\"https:\/\/altarce.nl\/werken-bij\/#breadcrumb\"},\"inLanguage\":\"de\",\"potentialAction\":[{\"@type\":\"ReadAction\",\"target\":[\"https:\/\/altarce.nl\/werken-bij\/\"]}]},{\"@type\":\"BreadcrumbList\",\"@id\":\"https:\/\/altarce.nl\/werken-bij\/#breadcrumb\",\"itemListElement\":[{\"@type\":\"ListItem\",\"position\":1,\"name\":\"Home\",\"item\":\"https:\/\/altarce.nl\/de\/\"},{\"@type\":\"ListItem\",\"position\":2,\"name\":\"Arbeiten bei\"}]},{\"@type\":\"WebSite\",\"@id\":\"https:\/\/altarce.nl\/#website\",\"url\":\"https:\/\/altarce.nl\/\",\"name\":\"Restaurant &amp; brasserie Alt Arce\",\"description\":\"Puur genieten aan de Maas\",\"potentialAction\":[{\"@type\":\"SearchAction\",\"target\":{\"@type\":\"EntryPoint\",\"urlTemplate\":\"https:\/\/altarce.nl\/?s={search_term_string}\"},\"query-input\":{\"@type\":\"PropertyValueSpecification\",\"valueRequired\":true,\"valueName\":\"search_term_string\"}}],\"inLanguage\":\"de\"}]}<\/script>\n<!-- \/ Yoast SEO plugin. -->","yoast_head_json":{"title":"Arbeiten bei - Restaurant &amp; brasserie Alt Arce","robots":{"index":"index","follow":"follow","max-snippet":"max-snippet:-1","max-image-preview":"max-image-preview:large","max-video-preview":"max-video-preview:-1"},"canonical":"https:\/\/altarce.nl\/werken-bij\/","og_locale":"de_DE","og_type":"article","og_title":"Arbeiten bei - Restaurant &amp; brasserie Alt Arce","og_description":"[vc_row content_placement=&#8220;middle&#8220; css=&#8220;.vc_custom_1664734680960{margin-top: 50px !important;}&#8220;][vc_column][vc_column_text]Suchen Sie sich einen Job im Service, hinter der Theke, als Koch oder in der Sp\u00fcle. Alt Arce und das Restaurant Sjef bieten daher mehrere freie Stellen im Gastgewerbe an. Als Mitarbeiter im Gastgewerbe sorgen Sie f\u00fcr Service, Atmosph\u00e4re und Spa\u00df. So bereiten Sie unseren G\u00e4sten einen Spitzenabend![\/vc_column_text][vc_empty_space height=&#8220;16px&#8220;][\/vc_column][\/vc_row][vc_row][vc_column width=&#8220;1\/2&#8243;][vc_column_text] Holen&hellip;","og_url":"https:\/\/altarce.nl\/werken-bij\/","og_site_name":"Restaurant &amp; brasserie Alt Arce","article_modified_time":"2022-12-18T19:42:49+00:00","twitter_card":"summary_large_image","twitter_misc":{"Gesch\u00e4tzte Lesezeit":"3\u00a0Minuten"},"schema":{"@context":"https:\/\/schema.org","@graph":[{"@type":"WebPage","@id":"https:\/\/altarce.nl\/werken-bij\/","url":"https:\/\/altarce.nl\/werken-bij\/","name":"Arbeiten bei - Restaurant &amp; brasserie Alt Arce","isPartOf":{"@id":"https:\/\/altarce.nl\/#website"},"datePublished":"2022-12-18T16:48:51+00:00","dateModified":"2022-12-18T19:42:49+00:00","breadcrumb":{"@id":"https:\/\/altarce.nl\/werken-bij\/#breadcrumb"},"inLanguage":"de","potentialAction":[{"@type":"ReadAction","target":["https:\/\/altarce.nl\/werken-bij\/"]}]},{"@type":"BreadcrumbList","@id":"https:\/\/altarce.nl\/werken-bij\/#breadcrumb","itemListElement":[{"@type":"ListItem","position":1,"name":"Home","item":"https:\/\/altarce.nl\/de\/"},{"@type":"ListItem","position":2,"name":"Arbeiten bei"}]},{"@type":"WebSite","@id":"https:\/\/altarce.nl\/#website","url":"https:\/\/altarce.nl\/","name":"Restaurant &amp; brasserie Alt Arce","description":"Puur genieten aan de Maas","potentialAction":[{"@type":"SearchAction","target":{"@type":"EntryPoint","urlTemplate":"https:\/\/altarce.nl\/?s={search_term_string}"},"query-input":{"@type":"PropertyValueSpecification","valueRequired":true,"valueName":"search_term_string"}}],"inLanguage":"de"}]}},"_links":{"self":[{"href":"https:\/\/altarce.nl\/de\/wp-json\/wp\/v2\/pages\/6821"}],"collection":[{"href":"https:\/\/altarce.nl\/de\/wp-json\/wp\/v2\/pages"}],"about":[{"href":"https:\/\/altarce.nl\/de\/wp-json\/wp\/v2\/types\/page"}],"author":[{"embeddable":true,"href":"https:\/\/altarce.nl\/de\/wp-json\/wp\/v2\/users\/2"}],"replies":[{"embeddable":true,"href":"https:\/\/altarce.nl\/de\/wp-json\/wp\/v2\/comments?post=6821"}],"version-history":[{"count":2,"href":"https:\/\/altarce.nl\/de\/wp-json\/wp\/v2\/pages\/6821\/revisions"}],"predecessor-version":[{"id":6882,"href":"https:\/\/altarce.nl\/de\/wp-json\/wp\/v2\/pages\/6821\/revisions\/6882"}],"wp:attachment":[{"href":"https:\/\/altarce.nl\/de\/wp-json\/wp\/v2\/media?parent=6821"}],"curies":[{"name":"wp","href":"https:\/\/api.w.org\/{rel}","templated":true}]}}