{"id":6765,"date":"2022-10-04T19:12:40","date_gmt":"2022-10-04T19:12:40","guid":{"rendered":"https:\/\/nieuw.altarce.nl\/erklarung-zum-datenschutz\/"},"modified":"2022-12-20T17:05:05","modified_gmt":"2022-12-20T17:05:05","slug":"erklarung-zum-datenschutz","status":"publish","type":"page","link":"https:\/\/altarce.nl\/de\/erklarung-zum-datenschutz\/","title":{"rendered":"Erkl\u00e4rung zum Datenschutz"},"content":{"rendered":"<div class=\"wpb-content-wrapper\"><p>[vc_row full_width=&#8220;stretch_row&#8220; equal_height=&#8220;yes&#8220; bg_type=&#8220;bg_color&#8220;][vc_column][vc_column_text]<\/p>\n<div class=\"wpb_text_column wpb_content_element \">\n<div class=\"wpb_wrapper\">\n<p>Brasserie Alt Arce, am Raadhuisplein 16,<br \/>\nist verantwortlich f\u00fcr die Verarbeitung personenbezogener Daten, wie sie in dieser Datenschutzerkl\u00e4rung zum Ausdruck kommt.<\/p>\n<p><strong>Kontaktinformationen:<\/strong><\/p>\n<p>www.altarce.nl<br \/>\nRaadhuisplein 16<br \/>\n077-4732777<\/p>\n<\/div>\n<\/div>\n<div><\/div>\n<h3>PERSONENBEZOGENE DATEN, DIE WIR VERARBEITEN<\/h3>\n<p>Die Brasserie Alt Arce verarbeitet Ihre personenbezogenen Daten, weil Sie unsere Dienstleistungen in Anspruch nehmen und\/oder weil Sie sie uns selbst zur Verf\u00fcgung stellen.<\/p>\n<p>Nachstehend finden Sie einen \u00dcberblick \u00fcber die von uns verarbeiteten personenbezogenen Daten:<\/p>\n<p>&#8211; Vor- und Nachname<br \/>\n&#8211; Geschlecht<br \/>\n&#8211; Adressdaten<br \/>\n&#8211; Rufnummer<br \/>\n&#8211; E-Mail Adresse<br \/>\n&#8211; Andere personenbezogene Daten, die Sie aktiv zur Verf\u00fcgung stellen, z. B. durch \u00dcbermittlung Ihres Lebenslaufs, wenn Sie sich auf ein Stellenangebot bewerben<br \/>\n&#8211; Informationen \u00fcber Ihre Aktivit\u00e4ten auf unserer Website<br \/>\n&#8211; Bankkontonummer<\/p>\n<p>&nbsp;<\/p>\n<h3>ZU WELCHEM ZWECK UND AUF WELCHER GRUNDLAGE WIR PERSONENBEZOGENE DATEN VERARBEITEN<\/h3>\n<p>Die Brasserie Alt Arce verarbeitet Ihre personenbezogenen Daten f\u00fcr die folgenden Zwecke:<\/p>\n<p>Abwicklung Ihrer Zahlung<br \/>\n&#8211; Versendung unseres Newsletters und\/oder Werbeprospekts<br \/>\n&#8211; Sie anzurufen oder per E-Mail zu kontaktieren, wenn dies zur Erbringung unserer Dienstleistungen erforderlich ist<br \/>\n&#8211; um Ihnen Waren und Dienstleistungen zu liefern<br \/>\n&#8211; Die Brasserie Alt Arce analysiert Ihr Verhalten auf der Website, um die Website zu verbessern und das Angebot an Produkten und Dienstleistungen an Ihre Pr\u00e4ferenzen anzupassen.<\/p>\n<p>&nbsp;<\/p>\n<h3>AUTOMATISIERTE ENTSCHEIDUNGSFINDUNG<\/h3>\n<p>Die Brasserie Alt Arce trifft keine Entscheidungen auf der Grundlage einer automatisierten Verarbeitung in Angelegenheiten, die (erhebliche) Auswirkungen auf den Einzelnen haben k\u00f6nnten. Dabei handelt es sich um Entscheidungen, die von Computerprogrammen oder -systemen getroffen werden, ohne dass ein Mensch (z. B. ein Mitarbeiter der Brasserie Alt Arce) daran beteiligt ist.<\/p>\n<p>&nbsp;<\/p>\n<div class=\"wpb_text_column wpb_content_element \">\n<div class=\"wpb_wrapper\">\n<h3>WIE LANGE WIR PERSONENBEZOGENE DATEN AUFBEWAHREN<\/h3>\n<p>Die Brasserie Alt Arce bewahrt Ihre personenbezogenen Daten nicht l\u00e4nger auf, als es f\u00fcr die Erf\u00fcllung der Zwecke, f\u00fcr die Ihre Daten erhoben wurden, unbedingt erforderlich ist. Wir wenden die Aufbewahrungsfrist von bis zu 1 Jahr an.<\/p>\n<p>Personenbezogene Daten &gt; bis zur Beendigung der Zusammenarbeit &gt; Rechnungsstellung<br \/>\nPers\u00f6nliche Daten &gt; bis zur Beendigung der Zusammenarbeit &gt; Rechnungsstellung, Erbringung von Dienstleistungen<br \/>\nAdresse &gt; bis zur Beendigung der Zusammenarbeit &gt; Rechnungsstellung<br \/>\nStellenbewerbung &gt; Ablehnung &gt; Entfernung aus der Akte<br \/>\nUnd so weiter &gt; bis zur Beendigung der Zusammenarbeit &gt; Rechnungsstellung, Erbringung von Dienstleistungen<\/p>\n<p>&nbsp;<\/p>\n<h3>WEITERGABE VON PERSONENBEZOGENEN DATEN AN DRITTE<\/h3>\n<p>Die Brasserie Alt Arce gibt Ihre pers\u00f6nlichen Daten an verschiedene Dritte weiter, soweit dies f\u00fcr die Erf\u00fcllung des Vertrags und zur Erf\u00fcllung gesetzlicher Verpflichtungen erforderlich ist. Mit Unternehmen, die Ihre Daten in unserem Auftrag verarbeiten, schlie\u00dfen wir einen Auftragsverarbeitungsvertrag, um das gleiche Ma\u00df an Sicherheit und Vertraulichkeit Ihrer Daten zu gew\u00e4hrleisten. Die Brasserie Alt Arce bleibt f\u00fcr diese Verarbeitungen verantwortlich. Dar\u00fcber hinaus gibt die Brasserie Alt Arce Ihre personenbezogenen Daten an andere Dritte weiter. Wir tun dies nur mit Ihrer ausdr\u00fccklichen Zustimmung.<\/p>\n<p>&nbsp;<\/p>\n<h3>WEBSITE-ZUGANG<\/h3>\n<p>Sie werden diese Website sowie die auf ihr bereitgestellten Daten und Informationen nicht f\u00fcr kommerzielle Zwecke\/Angebote und insbesondere nicht f\u00fcr unaufgeforderte elektronische Angebote nutzen.<\/p>\n<p>&nbsp;<\/p>\n<h3>COOKIES ODER \u00c4HNLICHE TECHNIKEN, DIE WIR VERWENDEN<\/h3>\n<p>Die Brasserie Alt Arce verwendet keine Cookies oder \u00e4hnliche Techniken.<\/p>\n<p>&nbsp;<\/p>\n<h3>WEITERGABE VON PERSONENBEZOGENEN DATEN AN DRITTE<\/h3>\n<p>Die Brasserie Alt Arce gibt die Daten nur dann an Dritte weiter, wenn dies f\u00fcr die Ausf\u00fchrung des Vertrags mit Ihnen oder zur Erf\u00fcllung einer gesetzlichen Verpflichtung erforderlich ist.<\/p>\n<p>&nbsp;<\/p>\n<h3>WIE WIR PERSONENBEZOGENE DATEN SCH\u00dcTZEN<\/h3>\n<p>Die Brasserie Alt Arce nimmt den Schutz Ihrer Daten ernst und ergreift geeignete Ma\u00dfnahmen, um Missbrauch, Verlust, unbefugten Zugriff, unerw\u00fcnschte Offenlegung und unbefugte \u00c4nderung zu verhindern. Wenn Sie den Eindruck haben, dass Ihre Daten nicht ordnungsgem\u00e4\u00df gesichert sind oder es Anzeichen f\u00fcr einen Missbrauch gibt, wenden Sie sich bitte an unseren Kundendienst oder an info@altarce.nl. Ihre Daten sind durch ein SSL-Zertifikat gesch\u00fctzt.<\/p>\n<\/div>\n<\/div>\n<p>[\/vc_column_text][\/vc_column][\/vc_row]<\/p>\n<\/div>","protected":false},"excerpt":{"rendered":"<p>[vc_row full_width=&#8220;stretch_row&#8220; equal_height=&#8220;yes&#8220; bg_type=&#8220;bg_color&#8220;][vc_column][vc_column_text] Brasserie Alt Arce, am Raadhuisplein 16, ist verantwortlich f\u00fcr die Verarbeitung personenbezogener Daten, wie sie in dieser Datenschutzerkl\u00e4rung zum Ausdruck kommt. Kontaktinformationen: www.altarce.nl Raadhuisplein 16 077-4732777 PERSONENBEZOGENE DATEN, DIE WIR VERARBEITEN Die Brasserie Alt Arce verarbeitet Ihre personenbezogenen Daten, weil Sie unsere Dienstleistungen in Anspruch nehmen und\/oder weil Sie sie uns&hellip;<\/p>\n","protected":false},"author":1,"featured_media":0,"parent":0,"menu_order":10,"comment_status":"closed","ping_status":"closed","template":"","meta":{"footnotes":""},"class_list":["post-6765","page","type-page","status-publish","hentry","description-off"],"yoast_head":"<!-- This site is optimized with the Yoast SEO plugin v23.7 - https:\/\/yoast.com\/wordpress\/plugins\/seo\/ -->\n<title>Erkl\u00e4rung zum Datenschutz - Restaurant &amp; brasserie Alt Arce<\/title>\n<meta name=\"robots\" content=\"index, follow, max-snippet:-1, max-image-preview:large, max-video-preview:-1\" \/>\n<link rel=\"canonical\" href=\"https:\/\/altarce.nl\/privacyverklaring\/\" \/>\n<meta property=\"og:locale\" content=\"de_DE\" \/>\n<meta property=\"og:type\" content=\"article\" \/>\n<meta property=\"og:title\" content=\"Erkl\u00e4rung zum Datenschutz - Restaurant &amp; brasserie Alt Arce\" \/>\n<meta property=\"og:description\" content=\"[vc_row full_width=&#8220;stretch_row&#8220; equal_height=&#8220;yes&#8220; bg_type=&#8220;bg_color&#8220;][vc_column][vc_column_text] Brasserie Alt Arce, am Raadhuisplein 16, ist verantwortlich f\u00fcr die Verarbeitung personenbezogener Daten, wie sie in dieser Datenschutzerkl\u00e4rung zum Ausdruck kommt. Kontaktinformationen: www.altarce.nl Raadhuisplein 16 077-4732777 PERSONENBEZOGENE DATEN, DIE WIR VERARBEITEN Die Brasserie Alt Arce verarbeitet Ihre personenbezogenen Daten, weil Sie unsere Dienstleistungen in Anspruch nehmen und\/oder weil Sie sie uns&hellip;\" \/>\n<meta property=\"og:url\" content=\"https:\/\/altarce.nl\/privacyverklaring\/\" \/>\n<meta property=\"og:site_name\" content=\"Restaurant &amp; brasserie Alt Arce\" \/>\n<meta property=\"article:modified_time\" content=\"2022-12-20T17:05:05+00:00\" \/>\n<meta name=\"twitter:card\" content=\"summary_large_image\" \/>\n<meta name=\"twitter:label1\" content=\"Gesch\u00e4tzte Lesezeit\" \/>\n\t<meta name=\"twitter:data1\" content=\"3\u00a0Minuten\" \/>\n<script type=\"application\/ld+json\" class=\"yoast-schema-graph\">{\"@context\":\"https:\/\/schema.org\",\"@graph\":[{\"@type\":\"WebPage\",\"@id\":\"https:\/\/altarce.nl\/privacyverklaring\/\",\"url\":\"https:\/\/altarce.nl\/privacyverklaring\/\",\"name\":\"Erkl\u00e4rung zum Datenschutz - Restaurant &amp; brasserie Alt Arce\",\"isPartOf\":{\"@id\":\"https:\/\/altarce.nl\/#website\"},\"datePublished\":\"2022-10-04T19:12:40+00:00\",\"dateModified\":\"2022-12-20T17:05:05+00:00\",\"breadcrumb\":{\"@id\":\"https:\/\/altarce.nl\/privacyverklaring\/#breadcrumb\"},\"inLanguage\":\"de\",\"potentialAction\":[{\"@type\":\"ReadAction\",\"target\":[\"https:\/\/altarce.nl\/privacyverklaring\/\"]}]},{\"@type\":\"BreadcrumbList\",\"@id\":\"https:\/\/altarce.nl\/privacyverklaring\/#breadcrumb\",\"itemListElement\":[{\"@type\":\"ListItem\",\"position\":1,\"name\":\"Home\",\"item\":\"https:\/\/altarce.nl\/de\/\"},{\"@type\":\"ListItem\",\"position\":2,\"name\":\"Erkl\u00e4rung zum Datenschutz\"}]},{\"@type\":\"WebSite\",\"@id\":\"https:\/\/altarce.nl\/#website\",\"url\":\"https:\/\/altarce.nl\/\",\"name\":\"Restaurant &amp; brasserie Alt Arce\",\"description\":\"Puur genieten aan de Maas\",\"potentialAction\":[{\"@type\":\"SearchAction\",\"target\":{\"@type\":\"EntryPoint\",\"urlTemplate\":\"https:\/\/altarce.nl\/?s={search_term_string}\"},\"query-input\":{\"@type\":\"PropertyValueSpecification\",\"valueRequired\":true,\"valueName\":\"search_term_string\"}}],\"inLanguage\":\"de\"}]}<\/script>\n<!-- \/ Yoast SEO plugin. -->","yoast_head_json":{"title":"Erkl\u00e4rung zum Datenschutz - Restaurant &amp; brasserie Alt Arce","robots":{"index":"index","follow":"follow","max-snippet":"max-snippet:-1","max-image-preview":"max-image-preview:large","max-video-preview":"max-video-preview:-1"},"canonical":"https:\/\/altarce.nl\/privacyverklaring\/","og_locale":"de_DE","og_type":"article","og_title":"Erkl\u00e4rung zum Datenschutz - Restaurant &amp; brasserie Alt Arce","og_description":"[vc_row full_width=&#8220;stretch_row&#8220; equal_height=&#8220;yes&#8220; bg_type=&#8220;bg_color&#8220;][vc_column][vc_column_text] Brasserie Alt Arce, am Raadhuisplein 16, ist verantwortlich f\u00fcr die Verarbeitung personenbezogener Daten, wie sie in dieser Datenschutzerkl\u00e4rung zum Ausdruck kommt. Kontaktinformationen: www.altarce.nl Raadhuisplein 16 077-4732777 PERSONENBEZOGENE DATEN, DIE WIR VERARBEITEN Die Brasserie Alt Arce verarbeitet Ihre personenbezogenen Daten, weil Sie unsere Dienstleistungen in Anspruch nehmen und\/oder weil Sie sie uns&hellip;","og_url":"https:\/\/altarce.nl\/privacyverklaring\/","og_site_name":"Restaurant &amp; brasserie Alt Arce","article_modified_time":"2022-12-20T17:05:05+00:00","twitter_card":"summary_large_image","twitter_misc":{"Gesch\u00e4tzte Lesezeit":"3\u00a0Minuten"},"schema":{"@context":"https:\/\/schema.org","@graph":[{"@type":"WebPage","@id":"https:\/\/altarce.nl\/privacyverklaring\/","url":"https:\/\/altarce.nl\/privacyverklaring\/","name":"Erkl\u00e4rung zum Datenschutz - Restaurant &amp; brasserie Alt Arce","isPartOf":{"@id":"https:\/\/altarce.nl\/#website"},"datePublished":"2022-10-04T19:12:40+00:00","dateModified":"2022-12-20T17:05:05+00:00","breadcrumb":{"@id":"https:\/\/altarce.nl\/privacyverklaring\/#breadcrumb"},"inLanguage":"de","potentialAction":[{"@type":"ReadAction","target":["https:\/\/altarce.nl\/privacyverklaring\/"]}]},{"@type":"BreadcrumbList","@id":"https:\/\/altarce.nl\/privacyverklaring\/#breadcrumb","itemListElement":[{"@type":"ListItem","position":1,"name":"Home","item":"https:\/\/altarce.nl\/de\/"},{"@type":"ListItem","position":2,"name":"Erkl\u00e4rung zum Datenschutz"}]},{"@type":"WebSite","@id":"https:\/\/altarce.nl\/#website","url":"https:\/\/altarce.nl\/","name":"Restaurant &amp; brasserie Alt Arce","description":"Puur genieten aan de Maas","potentialAction":[{"@type":"SearchAction","target":{"@type":"EntryPoint","urlTemplate":"https:\/\/altarce.nl\/?s={search_term_string}"},"query-input":{"@type":"PropertyValueSpecification","valueRequired":true,"valueName":"search_term_string"}}],"inLanguage":"de"}]}},"_links":{"self":[{"href":"https:\/\/altarce.nl\/de\/wp-json\/wp\/v2\/pages\/6765"}],"collection":[{"href":"https:\/\/altarce.nl\/de\/wp-json\/wp\/v2\/pages"}],"about":[{"href":"https:\/\/altarce.nl\/de\/wp-json\/wp\/v2\/types\/page"}],"author":[{"embeddable":true,"href":"https:\/\/altarce.nl\/de\/wp-json\/wp\/v2\/users\/1"}],"replies":[{"embeddable":true,"href":"https:\/\/altarce.nl\/de\/wp-json\/wp\/v2\/comments?post=6765"}],"version-history":[{"count":8,"href":"https:\/\/altarce.nl\/de\/wp-json\/wp\/v2\/pages\/6765\/revisions"}],"predecessor-version":[{"id":7120,"href":"https:\/\/altarce.nl\/de\/wp-json\/wp\/v2\/pages\/6765\/revisions\/7120"}],"wp:attachment":[{"href":"https:\/\/altarce.nl\/de\/wp-json\/wp\/v2\/media?parent=6765"}],"curies":[{"name":"wp","href":"https:\/\/api.w.org\/{rel}","templated":true}]}}