{"id":6735,"date":"2022-10-03T18:34:05","date_gmt":"2022-10-03T18:34:05","guid":{"rendered":"https:\/\/nieuw.altarce.nl\/ueber-alt-arce-2\/"},"modified":"2022-12-20T17:05:57","modified_gmt":"2022-12-20T17:05:57","slug":"ueber-alt-arce","status":"publish","type":"page","link":"https:\/\/altarce.nl\/de\/ueber-alt-arce\/","title":{"rendered":"\u00dcber Alt Arce"},"content":{"rendered":"<div class=\"wpb-content-wrapper\"><p>[vc_row][vc_column width=&#8220;1\/2&#8243;][vc_column_text]<\/p>\n<h3>Ein bekannter Name in Arcen<\/h3>\n<p>Die Brasserie Alt Arce befindet sich am Raadhuisplein im malerischen Arcen. Die herrliche Brasserie bietet eine sch\u00f6ne Maschenterrasse, von der aus Sie bei einem Snack und einem Getr\u00e4nk die sch\u00f6ne Aussicht auf die Maas genie\u00dfen k\u00f6nnen. Im Winter k\u00f6nnen Sie die Aussicht auch auf unserer \u00fcberdachten Terrasse genie\u00dfen. Kommen Sie und genie\u00dfen Sie k\u00f6stliche Gerichte bei einem Panoramablick auf die Maas[\/vc_column_text][\/vc_column][vc_column width=&#8220;1\/2&#8243;][vc_column_text]<\/p>\n<h3>Maasterras<\/h3>\n<p>Sie k\u00f6nnen Ihr Mittag- oder Abendessen in unserer sch\u00f6nen Brasserie und auf dem Maasterras in Arcen genie\u00dfen. Unsere Brasserie liegt direkt an der Maas und bietet Ihnen eine sch\u00f6ne Aussicht. Das Maasterras bietet eine einzigartige Aussicht auf die Ufer der Maas. Neben dem Mittag- oder Abendessen k\u00f6nnen Sie auch ein sch\u00f6nes St\u00fcck Kuchen oder einen herzhaften Snack genie\u00dfen. Unser Restaurant ist von 11 Uhr bis 21 Uhr ge\u00f6ffnet.[\/vc_column_text][\/vc_column][\/vc_row][vc_row][vc_column][vc_masonry_media_grid grid_id=&#8220;vc_gid:1671555939083-7843f2de-9af1-7&#8243; include=&#8220;6675,6676,6677,6678,6679,6680&#8243;][\/vc_column][\/vc_row]<\/p>\n<\/div>","protected":false},"excerpt":{"rendered":"<p>[vc_row][vc_column width=&#8220;1\/2&#8243;][vc_column_text] Ein bekannter Name in Arcen Die Brasserie Alt Arce befindet sich am Raadhuisplein im malerischen Arcen. Die herrliche Brasserie bietet eine sch\u00f6ne Maschenterrasse, von der aus Sie bei einem Snack und einem Getr\u00e4nk die sch\u00f6ne Aussicht auf die Maas genie\u00dfen k\u00f6nnen. Im Winter k\u00f6nnen Sie die Aussicht auch auf unserer \u00fcberdachten Terrasse genie\u00dfen.&hellip;<\/p>\n","protected":false},"author":1,"featured_media":0,"parent":0,"menu_order":10,"comment_status":"closed","ping_status":"closed","template":"","meta":{"footnotes":""},"class_list":["post-6735","page","type-page","status-publish","hentry","description-off"],"yoast_head":"<!-- This site is optimized with the Yoast SEO plugin v23.7 - https:\/\/yoast.com\/wordpress\/plugins\/seo\/ -->\n<title>\u00dcber Alt Arce - Restaurant &amp; brasserie Alt Arce<\/title>\n<meta name=\"robots\" content=\"index, follow, max-snippet:-1, max-image-preview:large, max-video-preview:-1\" \/>\n<link rel=\"canonical\" href=\"https:\/\/altarce.nl\/de\/ueber-alt-arce\/\" \/>\n<meta property=\"og:locale\" content=\"de_DE\" \/>\n<meta property=\"og:type\" content=\"article\" \/>\n<meta property=\"og:title\" content=\"\u00dcber Alt Arce - Restaurant &amp; brasserie Alt Arce\" \/>\n<meta property=\"og:description\" content=\"[vc_row][vc_column width=&#8220;1\/2&#8243;][vc_column_text] Ein bekannter Name in Arcen Die Brasserie Alt Arce befindet sich am Raadhuisplein im malerischen Arcen. Die herrliche Brasserie bietet eine sch\u00f6ne Maschenterrasse, von der aus Sie bei einem Snack und einem Getr\u00e4nk die sch\u00f6ne Aussicht auf die Maas genie\u00dfen k\u00f6nnen. Im Winter k\u00f6nnen Sie die Aussicht auch auf unserer \u00fcberdachten Terrasse genie\u00dfen.&hellip;\" \/>\n<meta property=\"og:url\" content=\"https:\/\/altarce.nl\/de\/ueber-alt-arce\/\" \/>\n<meta property=\"og:site_name\" content=\"Restaurant &amp; brasserie Alt Arce\" \/>\n<meta property=\"article:modified_time\" content=\"2022-12-20T17:05:57+00:00\" \/>\n<meta name=\"twitter:card\" content=\"summary_large_image\" \/>\n<meta name=\"twitter:label1\" content=\"Gesch\u00e4tzte Lesezeit\" \/>\n\t<meta name=\"twitter:data1\" content=\"1\u00a0Minute\" \/>\n<script type=\"application\/ld+json\" class=\"yoast-schema-graph\">{\"@context\":\"https:\/\/schema.org\",\"@graph\":[{\"@type\":\"WebPage\",\"@id\":\"https:\/\/altarce.nl\/de\/ueber-alt-arce\/\",\"url\":\"https:\/\/altarce.nl\/de\/ueber-alt-arce\/\",\"name\":\"\u00dcber Alt Arce - Restaurant &amp; brasserie Alt Arce\",\"isPartOf\":{\"@id\":\"https:\/\/altarce.nl\/#website\"},\"datePublished\":\"2022-10-03T18:34:05+00:00\",\"dateModified\":\"2022-12-20T17:05:57+00:00\",\"breadcrumb\":{\"@id\":\"https:\/\/altarce.nl\/de\/ueber-alt-arce\/#breadcrumb\"},\"inLanguage\":\"de\",\"potentialAction\":[{\"@type\":\"ReadAction\",\"target\":[\"https:\/\/altarce.nl\/de\/ueber-alt-arce\/\"]}]},{\"@type\":\"BreadcrumbList\",\"@id\":\"https:\/\/altarce.nl\/de\/ueber-alt-arce\/#breadcrumb\",\"itemListElement\":[{\"@type\":\"ListItem\",\"position\":1,\"name\":\"Home\",\"item\":\"https:\/\/altarce.nl\/de\/\"},{\"@type\":\"ListItem\",\"position\":2,\"name\":\"\u00dcber Alt Arce\"}]},{\"@type\":\"WebSite\",\"@id\":\"https:\/\/altarce.nl\/#website\",\"url\":\"https:\/\/altarce.nl\/\",\"name\":\"Restaurant &amp; brasserie Alt Arce\",\"description\":\"Puur genieten aan de Maas\",\"potentialAction\":[{\"@type\":\"SearchAction\",\"target\":{\"@type\":\"EntryPoint\",\"urlTemplate\":\"https:\/\/altarce.nl\/?s={search_term_string}\"},\"query-input\":{\"@type\":\"PropertyValueSpecification\",\"valueRequired\":true,\"valueName\":\"search_term_string\"}}],\"inLanguage\":\"de\"}]}<\/script>\n<!-- \/ Yoast SEO plugin. -->","yoast_head_json":{"title":"\u00dcber Alt Arce - Restaurant &amp; brasserie Alt Arce","robots":{"index":"index","follow":"follow","max-snippet":"max-snippet:-1","max-image-preview":"max-image-preview:large","max-video-preview":"max-video-preview:-1"},"canonical":"https:\/\/altarce.nl\/de\/ueber-alt-arce\/","og_locale":"de_DE","og_type":"article","og_title":"\u00dcber Alt Arce - Restaurant &amp; brasserie Alt Arce","og_description":"[vc_row][vc_column width=&#8220;1\/2&#8243;][vc_column_text] Ein bekannter Name in Arcen Die Brasserie Alt Arce befindet sich am Raadhuisplein im malerischen Arcen. Die herrliche Brasserie bietet eine sch\u00f6ne Maschenterrasse, von der aus Sie bei einem Snack und einem Getr\u00e4nk die sch\u00f6ne Aussicht auf die Maas genie\u00dfen k\u00f6nnen. Im Winter k\u00f6nnen Sie die Aussicht auch auf unserer \u00fcberdachten Terrasse genie\u00dfen.&hellip;","og_url":"https:\/\/altarce.nl\/de\/ueber-alt-arce\/","og_site_name":"Restaurant &amp; brasserie Alt Arce","article_modified_time":"2022-12-20T17:05:57+00:00","twitter_card":"summary_large_image","twitter_misc":{"Gesch\u00e4tzte Lesezeit":"1\u00a0Minute"},"schema":{"@context":"https:\/\/schema.org","@graph":[{"@type":"WebPage","@id":"https:\/\/altarce.nl\/de\/ueber-alt-arce\/","url":"https:\/\/altarce.nl\/de\/ueber-alt-arce\/","name":"\u00dcber Alt Arce - Restaurant &amp; brasserie Alt Arce","isPartOf":{"@id":"https:\/\/altarce.nl\/#website"},"datePublished":"2022-10-03T18:34:05+00:00","dateModified":"2022-12-20T17:05:57+00:00","breadcrumb":{"@id":"https:\/\/altarce.nl\/de\/ueber-alt-arce\/#breadcrumb"},"inLanguage":"de","potentialAction":[{"@type":"ReadAction","target":["https:\/\/altarce.nl\/de\/ueber-alt-arce\/"]}]},{"@type":"BreadcrumbList","@id":"https:\/\/altarce.nl\/de\/ueber-alt-arce\/#breadcrumb","itemListElement":[{"@type":"ListItem","position":1,"name":"Home","item":"https:\/\/altarce.nl\/de\/"},{"@type":"ListItem","position":2,"name":"\u00dcber Alt Arce"}]},{"@type":"WebSite","@id":"https:\/\/altarce.nl\/#website","url":"https:\/\/altarce.nl\/","name":"Restaurant &amp; brasserie Alt Arce","description":"Puur genieten aan de Maas","potentialAction":[{"@type":"SearchAction","target":{"@type":"EntryPoint","urlTemplate":"https:\/\/altarce.nl\/?s={search_term_string}"},"query-input":{"@type":"PropertyValueSpecification","valueRequired":true,"valueName":"search_term_string"}}],"inLanguage":"de"}]}},"_links":{"self":[{"href":"https:\/\/altarce.nl\/de\/wp-json\/wp\/v2\/pages\/6735"}],"collection":[{"href":"https:\/\/altarce.nl\/de\/wp-json\/wp\/v2\/pages"}],"about":[{"href":"https:\/\/altarce.nl\/de\/wp-json\/wp\/v2\/types\/page"}],"author":[{"embeddable":true,"href":"https:\/\/altarce.nl\/de\/wp-json\/wp\/v2\/users\/1"}],"replies":[{"embeddable":true,"href":"https:\/\/altarce.nl\/de\/wp-json\/wp\/v2\/comments?post=6735"}],"version-history":[{"count":10,"href":"https:\/\/altarce.nl\/de\/wp-json\/wp\/v2\/pages\/6735\/revisions"}],"predecessor-version":[{"id":7122,"href":"https:\/\/altarce.nl\/de\/wp-json\/wp\/v2\/pages\/6735\/revisions\/7122"}],"wp:attachment":[{"href":"https:\/\/altarce.nl\/de\/wp-json\/wp\/v2\/media?parent=6735"}],"curies":[{"name":"wp","href":"https:\/\/api.w.org\/{rel}","templated":true}]}}