{"id":6712,"date":"2019-10-16T16:11:47","date_gmt":"2019-10-16T16:11:47","guid":{"rendered":"https:\/\/nieuw.altarce.nl\/?page_id=6712"},"modified":"2024-09-14T14:38:07","modified_gmt":"2024-09-14T14:38:07","slug":"home","status":"publish","type":"page","link":"https:\/\/altarce.nl\/de\/","title":{"rendered":"Home"},"content":{"rendered":"<div class=\"wpb-content-wrapper\"><p>[vc_row][vc_column css=&#8220;.vc_custom_1664728596530{margin-top: 40px !important;margin-bottom: 40px !important;}&#8220;]<div id=\"ultimate-heading-364669f4c41c49db1\" class=\"uvc-heading ult-adjust-bottom-margin ultimate-heading-364669f4c41c49db1 uvc-5746 \" data-hspacer=\"line_only\"  data-halign=\"center\" style=\"text-align:center\"><div class=\"uvc-heading-spacer line_only\" style=\"topheight:1px;\"><span class=\"uvc-headings-line\" style=\"border-style:solid;border-bottom-width:1px;border-color:#ccc;width:2px;\"><\/span><\/div><div class=\"uvc-main-heading ult-responsive\"  data-ultimate-target='.uvc-heading.ultimate-heading-364669f4c41c49db1 h1'  data-responsive-json-new='{\"font-size\":\"desktop:50px;\",\"line-height\":\"\"}' ><h1 style=\"font-weight:bold;color:#000000;\">Restaurant &amp; Brasserie an der Maas<\/h1><\/div><div class=\"uvc-sub-heading ult-responsive\"  data-ultimate-target='.uvc-heading.ultimate-heading-364669f4c41c49db1 .uvc-sub-heading '  data-responsive-json-new='{\"font-size\":\"desktop:16px;\",\"line-height\":\"desktop:20px;\"}'  style=\"font-weight:normal;color:#222222;\">Die Brasserie Alt Arce befindet sich am Raadhuisplein im malerischen Arcen. Die sch\u00f6ne Brasserie bietet eine herrliche Terrasse, auf der Sie bei einem Snack und einem Getr\u00e4nk die sch\u00f6ne Aussicht auf die Maas genie\u00dfen k\u00f6nnen. Auch im Winter k\u00f6nnen Sie auf unserer \u00fcberdachten Terrasse die Aussicht genie\u00dfen. Kommen Sie und genie\u00dfen Sie k\u00f6stliche Gerichte bei einem Panoramablick auf die Maas.<\/div><\/div><style type=\"text\/css\" data-type=\"the7_shortcodes-inline-css\">.shortcode-single-image-wrap.shortcode-single-image-932b268512e16ceddd2c8bc9fcecd153.enable-bg-rollover .rollover i,\n.shortcode-single-image-wrap.shortcode-single-image-932b268512e16ceddd2c8bc9fcecd153.enable-bg-rollover .rollover-video i {\n  background: -webkit-linear-gradient();\n  background: linear-gradient();\n}\n.shortcode-single-image-wrap.shortcode-single-image-932b268512e16ceddd2c8bc9fcecd153 .rollover-icon {\n  font-size: 32px;\n  color: #ffffff;\n  min-width: 44px;\n  min-height: 44px;\n  line-height: 44px;\n  border-radius: 100px;\n  border-style: solid;\n  border-width: 0px;\n}\n.dt-icon-bg-on.shortcode-single-image-wrap.shortcode-single-image-932b268512e16ceddd2c8bc9fcecd153 .rollover-icon {\n  background: rgba(255,255,255,0.3);\n  box-shadow: none;\n}\n<\/style><div class=\"shortcode-single-image-wrap shortcode-single-image-932b268512e16ceddd2c8bc9fcecd153 alignnone  vc_custom_1726324682188 enable-bg-rollover dt-icon-bg-off\" ><div class=\"shortcode-single-image\"><div class=\"fancy-media-wrap  layzr-bg\" style=\"\"><img decoding=\"async\" class=\"preload-me lazy-load aspect\" src=\"data:image\/svg+xml,%3Csvg%20xmlns%3D&#39;http%3A%2F%2Fwww.w3.org%2F2000%2Fsvg&#39;%20viewBox%3D&#39;0%200%20400%2082&#39;%2F%3E\" data-src=\"https:\/\/altarce.nl\/wp-content\/uploads\/2024\/09\/AltArce-logo-eten-en-drinken.jpg\" data-srcset=\"https:\/\/altarce.nl\/wp-content\/uploads\/2024\/09\/AltArce-logo-eten-en-drinken.jpg 400w\" loading=\"eager\" sizes=\"(max-width: 400px) 100vw, 400px\" width=\"400\" height=\"82\"  data-dt-location=\"https:\/\/altarce.nl\/de\/home\/altarce-logo-eten-en-drinken-2\/\" style=\"--ratio: 400 \/ 82;\" alt=\"\" \/><\/div><\/div><\/div>[\/vc_column][\/vc_row][vc_row equal_height=&#8220;yes&#8220; css=&#8220;.vc_custom_1664732855931{padding-top: 40px !important;padding-bottom: 40px !important;}&#8220;][vc_column width=&#8220;1\/3&#8243; css=&#8220;.vc_custom_1575458048778{padding-bottom: 55px !important;}&#8220;]<style type=\"text\/css\" data-type=\"the7_shortcodes-inline-css\">.shortcode-single-image-wrap.shortcode-single-image-28c24f7b2010c2f2fd4f3ff6fe93c156.enable-bg-rollover .rollover i,\n.shortcode-single-image-wrap.shortcode-single-image-28c24f7b2010c2f2fd4f3ff6fe93c156.enable-bg-rollover .rollover-video i {\n  background: -webkit-linear-gradient();\n  background: linear-gradient();\n}\n.shortcode-single-image-wrap.shortcode-single-image-28c24f7b2010c2f2fd4f3ff6fe93c156 .rollover-icon {\n  font-size: 32px;\n  color: #ffffff;\n  min-width: 44px;\n  min-height: 44px;\n  line-height: 44px;\n  border-radius: 100px;\n  border-style: solid;\n  border-width: 0px;\n}\n.dt-icon-bg-on.shortcode-single-image-wrap.shortcode-single-image-28c24f7b2010c2f2fd4f3ff6fe93c156 .rollover-icon {\n  background: rgba(255,255,255,0.3);\n  box-shadow: none;\n}\n<\/style><div class=\"shortcode-single-image-wrap shortcode-single-image-28c24f7b2010c2f2fd4f3ff6fe93c156 alignnone  enable-bg-rollover dt-icon-bg-off\" style=\"margin-top:0px; margin-bottom:0px; margin-left:0px; margin-right:0px; width:500px;\"><div class=\"shortcode-single-image\"><div class=\"fancy-media-wrap  layzr-bg\" style=\"\"><img fetchpriority=\"high\" decoding=\"async\" class=\"preload-me lazy-load aspect\" src=\"data:image\/svg+xml,%3Csvg%20xmlns%3D&#39;http%3A%2F%2Fwww.w3.org%2F2000%2Fsvg&#39;%20viewBox%3D&#39;0%200%20389%20389&#39;%2F%3E\" data-src=\"https:\/\/altarce.nl\/wp-content\/uploads\/2022\/10\/IMG_5216_7_8-389x389.jpg\" data-srcset=\"https:\/\/altarce.nl\/wp-content\/uploads\/2022\/10\/IMG_5216_7_8-389x389.jpg 389w\" loading=\"eager\" sizes=\"(max-width: 389px) 100vw, 389px\" width=\"389\" height=\"389\"  data-dt-location=\"https:\/\/altarce.nl\/de\/home\/img_5216_7_8\/\" style=\"--ratio: 389 \/ 389;\" alt=\"Restaurant\" \/><\/div><\/div><\/div>[vc_empty_space height=&#8220;16px&#8220;]<div id=\"ultimate-heading-597569f4c41c4f74c\" class=\"uvc-heading ult-adjust-bottom-margin ultimate-heading-597569f4c41c4f74c uvc-5190 \" data-hspacer=\"no_spacer\"  data-halign=\"center\" style=\"text-align:center\"><div class=\"uvc-heading-spacer no_spacer\" style=\"top\"><\/div><div class=\"uvc-main-heading ult-responsive\"  data-ultimate-target='.uvc-heading.ultimate-heading-597569f4c41c4f74c h3'  data-responsive-json-new='{\"font-size\":\"desktop:30px;\",\"line-height\":\"\"}' ><h3 style=\"font-weight:bold;color:#000000;\">\u00dcber uns<\/h3><\/div><div class=\"uvc-sub-heading ult-responsive\"  data-ultimate-target='.uvc-heading.ultimate-heading-597569f4c41c4f74c .uvc-sub-heading '  data-responsive-json-new='{\"font-size\":\"desktop:16px;\",\"line-height\":\"desktop:20px;\"}'  style=\"font-weight:normal;color:#222222;margin-bottom:20px;\">Entdecken Sie Alt Arce und lernen Sie uns besser kennen. Seit Jahrzehnten ein fester Begriff im Zentrum von Arcen und Nordlimburg. Wir hei\u00dfen Sie in unserer Brasserie herzlich willkommen!<\/div><\/div>[vc_empty_space height=&#8220;16px&#8220;]<div class=\"text-centered\"><a href=\"https:\/\/altarce.nl\/de\/ueber-alt-arce\/\" class=\"btn-shortcode dt-btn-l dt-btn default-btn-color default-btn-hover-color default-btn-bg-color default-btn-bg-hover-color\" id=\"dt-btn-1\"><span>Mehr lesen &gt;<\/span><\/a><\/div>[vc_empty_space height=&#8220;16px&#8220;][\/vc_column][vc_column width=&#8220;1\/3&#8243;]<style type=\"text\/css\" data-type=\"the7_shortcodes-inline-css\">.shortcode-single-image-wrap.shortcode-single-image-eb7d52de9868e78588bd2abf97b79dcc.enable-bg-rollover .rollover i,\n.shortcode-single-image-wrap.shortcode-single-image-eb7d52de9868e78588bd2abf97b79dcc.enable-bg-rollover .rollover-video i {\n  background: -webkit-linear-gradient();\n  background: linear-gradient();\n}\n.shortcode-single-image-wrap.shortcode-single-image-eb7d52de9868e78588bd2abf97b79dcc .rollover-icon {\n  font-size: 32px;\n  color: #ffffff;\n  min-width: 44px;\n  min-height: 44px;\n  line-height: 44px;\n  border-radius: 100px;\n  border-style: solid;\n  border-width: 0px;\n}\n.dt-icon-bg-on.shortcode-single-image-wrap.shortcode-single-image-eb7d52de9868e78588bd2abf97b79dcc .rollover-icon {\n  background: rgba(255,255,255,0.3);\n  box-shadow: none;\n}\n<\/style><div class=\"shortcode-single-image-wrap shortcode-single-image-eb7d52de9868e78588bd2abf97b79dcc alignnone  enable-bg-rollover dt-icon-bg-off\" style=\"margin-top:0px; margin-bottom:0px; margin-left:0px; margin-right:0px; width:500px;\"><div class=\"shortcode-single-image\"><div class=\"fancy-media-wrap  layzr-bg\" style=\"\"><img decoding=\"async\" class=\"preload-me lazy-load aspect\" src=\"data:image\/svg+xml,%3Csvg%20xmlns%3D&#39;http%3A%2F%2Fwww.w3.org%2F2000%2Fsvg&#39;%20viewBox%3D&#39;0%200%20500%20500&#39;%2F%3E\" data-src=\"https:\/\/altarce.nl\/wp-content\/uploads\/2022\/10\/Groepen-scaled-500x500.jpg\" data-srcset=\"https:\/\/altarce.nl\/wp-content\/uploads\/2022\/10\/Groepen-scaled-500x500.jpg 500w, https:\/\/altarce.nl\/wp-content\/uploads\/2022\/10\/Groepen-scaled-1000x1000.jpg 1000w\" loading=\"eager\" sizes=\"(max-width: 500px) 100vw, 500px\" width=\"500\" height=\"500\"  data-dt-location=\"https:\/\/altarce.nl\/de\/home\/groepen\/\" style=\"--ratio: 500 \/ 500;\" alt=\"\" \/><\/div><\/div><\/div>[vc_empty_space height=&#8220;16px&#8220;]<div id=\"ultimate-heading-271369f4c41c51cf9\" class=\"uvc-heading ult-adjust-bottom-margin ultimate-heading-271369f4c41c51cf9 uvc-4959 \" data-hspacer=\"no_spacer\"  data-halign=\"center\" style=\"text-align:center\"><div class=\"uvc-heading-spacer no_spacer\" style=\"top\"><\/div><div class=\"uvc-main-heading ult-responsive\"  data-ultimate-target='.uvc-heading.ultimate-heading-271369f4c41c51cf9 h3'  data-responsive-json-new='{\"font-size\":\"desktop:30px;\",\"line-height\":\"\"}' ><h3 style=\"font-weight:bold;color:#000000;\">Besondere Anl\u00e4sse<\/h3><\/div><div class=\"uvc-sub-heading ult-responsive\"  data-ultimate-target='.uvc-heading.ultimate-heading-271369f4c41c51cf9 .uvc-sub-heading '  data-responsive-json-new='{\"font-size\":\"desktop:16px;\",\"line-height\":\"desktop:20px;\"}'  style=\"font-weight:normal;color:#222222;margin-bottom:20px;\">Heiraten Sie bald und suchen Sie den perfekten Ort f\u00fcr Ihre Feier? Wir helfen Ihnen gerne auf Ihrem Weg. Auch Ihr Ansprechpartner f\u00fcr Sitzungen und Pr\u00e4sentationen.<\/div><\/div>[vc_empty_space height=&#8220;16px&#8220;]<div class=\"text-centered\"><a href=\"https:\/\/altarce.nl\/de\/gruppen\/\" class=\"btn-shortcode dt-btn-l dt-btn default-btn-color default-btn-hover-color default-btn-bg-color default-btn-bg-hover-color\" id=\"dt-btn-2\"><span>Mehr lesen &gt;<\/span><\/a><\/div>[vc_empty_space height=&#8220;16px&#8220;][\/vc_column][vc_column width=&#8220;1\/3&#8243;]<style type=\"text\/css\" data-type=\"the7_shortcodes-inline-css\">.shortcode-single-image-wrap.shortcode-single-image-23661b956c47b781c91d28c3025aa718.enable-bg-rollover .rollover i,\n.shortcode-single-image-wrap.shortcode-single-image-23661b956c47b781c91d28c3025aa718.enable-bg-rollover .rollover-video i {\n  background: -webkit-linear-gradient();\n  background: linear-gradient();\n}\n.shortcode-single-image-wrap.shortcode-single-image-23661b956c47b781c91d28c3025aa718 .rollover-icon {\n  font-size: 32px;\n  color: #ffffff;\n  min-width: 44px;\n  min-height: 44px;\n  line-height: 44px;\n  border-radius: 100px;\n  border-style: solid;\n  border-width: 0px;\n}\n.dt-icon-bg-on.shortcode-single-image-wrap.shortcode-single-image-23661b956c47b781c91d28c3025aa718 .rollover-icon {\n  background: rgba(255,255,255,0.3);\n  box-shadow: none;\n}\n<\/style><div class=\"shortcode-single-image-wrap shortcode-single-image-23661b956c47b781c91d28c3025aa718 alignnone  enable-bg-rollover dt-icon-bg-off\" style=\"margin-top:0px; margin-bottom:0px; margin-left:0px; margin-right:0px; width:500px;\"><div class=\"shortcode-single-image\"><div class=\"fancy-media-wrap  layzr-bg\" style=\"\"><img decoding=\"async\" class=\"preload-me lazy-load aspect\" src=\"data:image\/svg+xml,%3Csvg%20xmlns%3D&#39;http%3A%2F%2Fwww.w3.org%2F2000%2Fsvg&#39;%20viewBox%3D&#39;0%200%20500%20500&#39;%2F%3E\" data-src=\"https:\/\/altarce.nl\/wp-content\/uploads\/2022\/10\/Gerechten-1-scaled-500x500.jpg\" data-srcset=\"https:\/\/altarce.nl\/wp-content\/uploads\/2022\/10\/Gerechten-1-scaled-500x500.jpg 500w, https:\/\/altarce.nl\/wp-content\/uploads\/2022\/10\/Gerechten-1-scaled-1000x1000.jpg 1000w\" loading=\"eager\" sizes=\"(max-width: 500px) 100vw, 500px\" width=\"500\" height=\"500\"  data-dt-location=\"https:\/\/altarce.nl\/de\/home\/gerechten-2\/\" style=\"--ratio: 500 \/ 500;\" alt=\"\" \/><\/div><\/div><\/div>[vc_empty_space height=&#8220;16px&#8220;]<div id=\"ultimate-heading-43269f4c41c53eff\" class=\"uvc-heading ult-adjust-bottom-margin ultimate-heading-43269f4c41c53eff uvc-5922 \" data-hspacer=\"no_spacer\"  data-halign=\"center\" style=\"text-align:center\"><div class=\"uvc-heading-spacer no_spacer\" style=\"top\"><\/div><div class=\"uvc-main-heading ult-responsive\"  data-ultimate-target='.uvc-heading.ultimate-heading-43269f4c41c53eff h3'  data-responsive-json-new='{\"font-size\":\"desktop:30px;\",\"line-height\":\"\"}' ><h3 style=\"font-weight:bold;color:#000000;\">Speisen<\/h3><\/div><div class=\"uvc-sub-heading ult-responsive\"  data-ultimate-target='.uvc-heading.ultimate-heading-43269f4c41c53eff .uvc-sub-heading '  data-responsive-json-new='{\"font-size\":\"desktop:16px;\",\"line-height\":\"desktop:20px;\"}'  style=\"font-weight:normal;color:#222222;margin-bottom:20px;\">Entdecken Sie unsere vielseitige Speisekarte mit verschiedenen Gerichten. Alle Gerichte werden mit Leidenschaft zubereitet. Haben Sie irgendwelche Allergien? Bitte informieren Sie uns im Voraus.<\/div><\/div>[vc_empty_space height=&#8220;16px&#8220;]<div class=\"text-centered\"><a href=\"https:\/\/altarce.nl\/de\/abendmenue\/\" class=\"btn-shortcode dt-btn-l dt-btn default-btn-color default-btn-hover-color default-btn-bg-color default-btn-bg-hover-color\" id=\"dt-btn-3\"><span>Mehr lesen &gt;<\/span><\/a><\/div>[vc_empty_space height=&#8220;16px&#8220;][\/vc_column][\/vc_row][vc_row full_width=&#8220;stretch_row&#8220; bg_type=&#8220;image&#8220; parallax_style=&#8220;vcpb-default&#8220; bg_image_new=&#8220;id^6428|url^https:\/\/altarce.nl\/wp-content\/uploads\/2022\/10\/Footer-gerechten-scaled.jpg|caption^null|alt^null|title^Footer gerechten|description^null&#8220; enable_overlay=&#8220;enable_overlay_value&#8220; overlay_color=&#8220;#000000&#8243; overlay_pattern=&#8220;01.png&#8220; overlay_pattern_opacity=&#8220;95&#8243;][vc_column css=&#8220;.vc_custom_1664732543143{padding-top: 100px !important;padding-bottom: 100px !important;}&#8220;]<div id=\"ultimate-heading-792769f4c41c540d3\" class=\"uvc-heading ult-adjust-bottom-margin ultimate-heading-792769f4c41c540d3 uvc-479 \" data-hspacer=\"no_spacer\"  data-halign=\"center\" style=\"text-align:center\"><div class=\"uvc-heading-spacer no_spacer\" style=\"top\"><\/div><div class=\"uvc-main-heading ult-responsive\"  data-ultimate-target='.uvc-heading.ultimate-heading-792769f4c41c540d3 h3'  data-responsive-json-new='{\"font-size\":\"desktop:40px;\",\"line-height\":\"\"}' ><h3 style=\"font-weight:bold;color:#ffffff;\">Maasterras<\/h3><\/div><div class=\"uvc-sub-heading ult-responsive\"  data-ultimate-target='.uvc-heading.ultimate-heading-792769f4c41c540d3 .uvc-sub-heading '  data-responsive-json-new='{\"font-size\":\"desktop:16px;\",\"line-height\":\"desktop:20px;\"}'  style=\"font-weight:normal;color:#ffffff;\"><\/p>\n<p style=\"text-align: center;\">Sind Sie neugierig, wie unsere Terrasse an der Maas aussieht?<br \/>\nGerne f\u00fchren wir Sie durch unser stimmungsvolles Restaurant.<br \/>\nSehen Sie sich die Fotos \u00fcber den Link an und \u00fcberzeugen Sie sich selbst.<\/p>\n<p><\/div><\/div>[vc_empty_space height=&#8220;16px&#8220;]<style type=\"text\/css\">#dt-btn-4 {color: #ffffff;}#dt-btn-4 > .text-wrap * {color: #ffffff;}#dt-btn-4:hover {color: #ffffff;}#dt-btn-4:hover > .text-wrap * {color: #ffffff;}<\/style><div class=\"text-centered\"><a href=\"https:\/\/altarce.nl\/de\/ueber-alt-arce\/\" class=\"btn-shortcode dt-btn-l dt-btn outline-bg-btn custom-btn-color custom-btn-hover-color default-btn-bg-color default-btn-bg-hover-color\" id=\"dt-btn-4\"><span>Mehr lesen &gt;<\/span><\/a><\/div>[\/vc_column][\/vc_row]<\/p>\n<\/div>","protected":false},"excerpt":{"rendered":"<p>[vc_row][vc_column css=&#8220;.vc_custom_1664728596530{margin-top: 40px !important;margin-bottom: 40px !important;}&#8220;][\/vc_column][\/vc_row][vc_row equal_height=&#8220;yes&#8220; css=&#8220;.vc_custom_1664732855931{padding-top: 40px !important;padding-bottom: 40px !important;}&#8220;][vc_column width=&#8220;1\/3&#8243; css=&#8220;.vc_custom_1575458048778{padding-bottom: 55px !important;}&#8220;][vc_empty_space height=&#8220;16px&#8220;][vc_empty_space height=&#8220;16px&#8220;][vc_empty_space height=&#8220;16px&#8220;][\/vc_column][vc_column width=&#8220;1\/3&#8243;][vc_empty_space height=&#8220;16px&#8220;][vc_empty_space height=&#8220;16px&#8220;][vc_empty_space height=&#8220;16px&#8220;][\/vc_column][vc_column width=&#8220;1\/3&#8243;][vc_empty_space height=&#8220;16px&#8220;][vc_empty_space height=&#8220;16px&#8220;][vc_empty_space height=&#8220;16px&#8220;][\/vc_column][\/vc_row][vc_row full_width=&#8220;stretch_row&#8220; bg_type=&#8220;image&#8220; parallax_style=&#8220;vcpb-default&#8220; bg_image_new=&#8220;id^6428|url^https:\/\/altarce.nl\/wp-content\/uploads\/2022\/10\/Footer-gerechten-scaled.jpg|caption^null|alt^null|title^Footer gerechten|description^null&#8220; enable_overlay=&#8220;enable_overlay_value&#8220; overlay_color=&#8220;#000000&#8243; overlay_pattern=&#8220;01.png&#8220; overlay_pattern_opacity=&#8220;95&#8243;][vc_column css=&#8220;.vc_custom_1664732543143{padding-top: 100px !important;padding-bottom: 100px !important;}&#8220;][vc_empty_space height=&#8220;16px&#8220;][\/vc_column][\/vc_row]<\/p>\n","protected":false},"author":1,"featured_media":0,"parent":0,"menu_order":0,"comment_status":"closed","ping_status":"closed","template":"","meta":{"footnotes":""},"class_list":["post-6712","page","type-page","status-publish","hentry","description-off"],"yoast_head":"<!-- This site is optimized with the Yoast SEO plugin v23.7 - https:\/\/yoast.com\/wordpress\/plugins\/seo\/ -->\n<title>Home - Restaurant &amp; brasserie Alt Arce<\/title>\n<meta name=\"robots\" content=\"index, follow, max-snippet:-1, max-image-preview:large, max-video-preview:-1\" \/>\n<link rel=\"canonical\" href=\"https:\/\/altarce.nl\/de\/\" \/>\n<meta property=\"og:locale\" content=\"de_DE\" \/>\n<meta property=\"og:type\" content=\"article\" \/>\n<meta property=\"og:title\" content=\"Home - Restaurant &amp; brasserie Alt Arce\" \/>\n<meta property=\"og:description\" content=\"[vc_row][vc_column css=&#8220;.vc_custom_1664728596530{margin-top: 40px !important;margin-bottom: 40px !important;}&#8220;][\/vc_column][\/vc_row][vc_row equal_height=&#8220;yes&#8220; css=&#8220;.vc_custom_1664732855931{padding-top: 40px !important;padding-bottom: 40px !important;}&#8220;][vc_column width=&#8220;1\/3&#8243; css=&#8220;.vc_custom_1575458048778{padding-bottom: 55px !important;}&#8220;][vc_empty_space height=&#8220;16px&#8220;][vc_empty_space height=&#8220;16px&#8220;][vc_empty_space height=&#8220;16px&#8220;][\/vc_column][vc_column width=&#8220;1\/3&#8243;][vc_empty_space height=&#8220;16px&#8220;][vc_empty_space height=&#8220;16px&#8220;][vc_empty_space height=&#8220;16px&#8220;][\/vc_column][vc_column width=&#8220;1\/3&#8243;][vc_empty_space height=&#8220;16px&#8220;][vc_empty_space height=&#8220;16px&#8220;][vc_empty_space height=&#8220;16px&#8220;][\/vc_column][\/vc_row][vc_row full_width=&#8220;stretch_row&#8220; bg_type=&#8220;image&#8220; parallax_style=&#8220;vcpb-default&#8220; bg_image_new=&#8220;id^6428|url^https:\/\/altarce.nl\/wp-content\/uploads\/2022\/10\/Footer-gerechten-scaled.jpg|caption^null|alt^null|title^Footer gerechten|description^null&#8220; enable_overlay=&#8220;enable_overlay_value&#8220; overlay_color=&#8220;#000000&#8243; overlay_pattern=&#8220;01.png&#8220; overlay_pattern_opacity=&#8220;95&#8243;][vc_column css=&#8220;.vc_custom_1664732543143{padding-top: 100px !important;padding-bottom: 100px !important;}&#8220;][vc_empty_space height=&#8220;16px&#8220;][\/vc_column][\/vc_row]\" \/>\n<meta property=\"og:url\" content=\"https:\/\/altarce.nl\/de\/\" \/>\n<meta property=\"og:site_name\" content=\"Restaurant &amp; brasserie Alt Arce\" \/>\n<meta property=\"article:modified_time\" content=\"2024-09-14T14:38:07+00:00\" \/>\n<meta name=\"twitter:card\" content=\"summary_large_image\" \/>\n<meta name=\"twitter:label1\" content=\"Gesch\u00e4tzte Lesezeit\" \/>\n\t<meta name=\"twitter:data1\" content=\"4\u00a0Minuten\" \/>\n<script type=\"application\/ld+json\" class=\"yoast-schema-graph\">{\"@context\":\"https:\/\/schema.org\",\"@graph\":[{\"@type\":\"WebPage\",\"@id\":\"https:\/\/altarce.nl\/de\/\",\"url\":\"https:\/\/altarce.nl\/de\/\",\"name\":\"Home - Restaurant &amp; brasserie Alt Arce\",\"isPartOf\":{\"@id\":\"https:\/\/altarce.nl\/#website\"},\"datePublished\":\"2019-10-16T16:11:47+00:00\",\"dateModified\":\"2024-09-14T14:38:07+00:00\",\"breadcrumb\":{\"@id\":\"https:\/\/altarce.nl\/de\/#breadcrumb\"},\"inLanguage\":\"de\",\"potentialAction\":[{\"@type\":\"ReadAction\",\"target\":[\"https:\/\/altarce.nl\/de\/\"]}]},{\"@type\":\"BreadcrumbList\",\"@id\":\"https:\/\/altarce.nl\/de\/#breadcrumb\",\"itemListElement\":[{\"@type\":\"ListItem\",\"position\":1,\"name\":\"Home\",\"item\":\"https:\/\/altarce.nl\/de\/\"},{\"@type\":\"ListItem\",\"position\":2,\"name\":\"Home\"}]},{\"@type\":\"WebSite\",\"@id\":\"https:\/\/altarce.nl\/#website\",\"url\":\"https:\/\/altarce.nl\/\",\"name\":\"Restaurant &amp; brasserie Alt Arce\",\"description\":\"Puur genieten aan de Maas\",\"potentialAction\":[{\"@type\":\"SearchAction\",\"target\":{\"@type\":\"EntryPoint\",\"urlTemplate\":\"https:\/\/altarce.nl\/?s={search_term_string}\"},\"query-input\":{\"@type\":\"PropertyValueSpecification\",\"valueRequired\":true,\"valueName\":\"search_term_string\"}}],\"inLanguage\":\"de\"}]}<\/script>\n<!-- \/ Yoast SEO plugin. -->","yoast_head_json":{"title":"Home - Restaurant &amp; brasserie Alt Arce","robots":{"index":"index","follow":"follow","max-snippet":"max-snippet:-1","max-image-preview":"max-image-preview:large","max-video-preview":"max-video-preview:-1"},"canonical":"https:\/\/altarce.nl\/de\/","og_locale":"de_DE","og_type":"article","og_title":"Home - Restaurant &amp; brasserie Alt Arce","og_description":"[vc_row][vc_column css=&#8220;.vc_custom_1664728596530{margin-top: 40px !important;margin-bottom: 40px !important;}&#8220;][\/vc_column][\/vc_row][vc_row equal_height=&#8220;yes&#8220; css=&#8220;.vc_custom_1664732855931{padding-top: 40px !important;padding-bottom: 40px !important;}&#8220;][vc_column width=&#8220;1\/3&#8243; css=&#8220;.vc_custom_1575458048778{padding-bottom: 55px !important;}&#8220;][vc_empty_space height=&#8220;16px&#8220;][vc_empty_space height=&#8220;16px&#8220;][vc_empty_space height=&#8220;16px&#8220;][\/vc_column][vc_column width=&#8220;1\/3&#8243;][vc_empty_space height=&#8220;16px&#8220;][vc_empty_space height=&#8220;16px&#8220;][vc_empty_space height=&#8220;16px&#8220;][\/vc_column][vc_column width=&#8220;1\/3&#8243;][vc_empty_space height=&#8220;16px&#8220;][vc_empty_space height=&#8220;16px&#8220;][vc_empty_space height=&#8220;16px&#8220;][\/vc_column][\/vc_row][vc_row full_width=&#8220;stretch_row&#8220; bg_type=&#8220;image&#8220; parallax_style=&#8220;vcpb-default&#8220; bg_image_new=&#8220;id^6428|url^https:\/\/altarce.nl\/wp-content\/uploads\/2022\/10\/Footer-gerechten-scaled.jpg|caption^null|alt^null|title^Footer gerechten|description^null&#8220; enable_overlay=&#8220;enable_overlay_value&#8220; overlay_color=&#8220;#000000&#8243; overlay_pattern=&#8220;01.png&#8220; overlay_pattern_opacity=&#8220;95&#8243;][vc_column css=&#8220;.vc_custom_1664732543143{padding-top: 100px !important;padding-bottom: 100px !important;}&#8220;][vc_empty_space height=&#8220;16px&#8220;][\/vc_column][\/vc_row]","og_url":"https:\/\/altarce.nl\/de\/","og_site_name":"Restaurant &amp; brasserie Alt Arce","article_modified_time":"2024-09-14T14:38:07+00:00","twitter_card":"summary_large_image","twitter_misc":{"Gesch\u00e4tzte Lesezeit":"4\u00a0Minuten"},"schema":{"@context":"https:\/\/schema.org","@graph":[{"@type":"WebPage","@id":"https:\/\/altarce.nl\/de\/","url":"https:\/\/altarce.nl\/de\/","name":"Home - Restaurant &amp; brasserie Alt Arce","isPartOf":{"@id":"https:\/\/altarce.nl\/#website"},"datePublished":"2019-10-16T16:11:47+00:00","dateModified":"2024-09-14T14:38:07+00:00","breadcrumb":{"@id":"https:\/\/altarce.nl\/de\/#breadcrumb"},"inLanguage":"de","potentialAction":[{"@type":"ReadAction","target":["https:\/\/altarce.nl\/de\/"]}]},{"@type":"BreadcrumbList","@id":"https:\/\/altarce.nl\/de\/#breadcrumb","itemListElement":[{"@type":"ListItem","position":1,"name":"Home","item":"https:\/\/altarce.nl\/de\/"},{"@type":"ListItem","position":2,"name":"Home"}]},{"@type":"WebSite","@id":"https:\/\/altarce.nl\/#website","url":"https:\/\/altarce.nl\/","name":"Restaurant &amp; brasserie Alt Arce","description":"Puur genieten aan de Maas","potentialAction":[{"@type":"SearchAction","target":{"@type":"EntryPoint","urlTemplate":"https:\/\/altarce.nl\/?s={search_term_string}"},"query-input":{"@type":"PropertyValueSpecification","valueRequired":true,"valueName":"search_term_string"}}],"inLanguage":"de"}]}},"_links":{"self":[{"href":"https:\/\/altarce.nl\/de\/wp-json\/wp\/v2\/pages\/6712"}],"collection":[{"href":"https:\/\/altarce.nl\/de\/wp-json\/wp\/v2\/pages"}],"about":[{"href":"https:\/\/altarce.nl\/de\/wp-json\/wp\/v2\/types\/page"}],"author":[{"embeddable":true,"href":"https:\/\/altarce.nl\/de\/wp-json\/wp\/v2\/users\/1"}],"replies":[{"embeddable":true,"href":"https:\/\/altarce.nl\/de\/wp-json\/wp\/v2\/comments?post=6712"}],"version-history":[{"count":27,"href":"https:\/\/altarce.nl\/de\/wp-json\/wp\/v2\/pages\/6712\/revisions"}],"predecessor-version":[{"id":7480,"href":"https:\/\/altarce.nl\/de\/wp-json\/wp\/v2\/pages\/6712\/revisions\/7480"}],"wp:attachment":[{"href":"https:\/\/altarce.nl\/de\/wp-json\/wp\/v2\/media?parent=6712"}],"curies":[{"name":"wp","href":"https:\/\/api.w.org\/{rel}","templated":true}]}}