{"id":6692,"date":"2022-10-02T18:55:03","date_gmt":"2022-10-02T18:55:03","guid":{"rendered":"https:\/\/nieuw.altarce.nl\/groepen\/"},"modified":"2022-12-20T16:58:33","modified_gmt":"2022-12-20T16:58:33","slug":"gruppen","status":"publish","type":"page","link":"https:\/\/altarce.nl\/de\/gruppen\/","title":{"rendered":"Gruppen"},"content":{"rendered":"<div class=\"wpb-content-wrapper\"><p>[vc_row][vc_column width=&#8220;2\/3&#8243;][vc_column_text]<\/p>\n<h3>Gruppeninformationen<\/h3>\n<p>Alt Arce ist der perfekte Ort f\u00fcr eine Tagung, ein Gruppenessen, ein Buffet, einen Empfang oder eine Hochzeit.<br \/>\nWir haben einen Saal mit einer freundlichen Atmosph\u00e4re. Wir haben ein breites und vielf\u00e4ltiges Angebot f\u00fcr jeden Geldbeutel. Wir bieten auch Drei- oder Vier-G\u00e4nge-Men\u00fcs f\u00fcr Gruppen an, und es ist auch m\u00f6glich, ein ma\u00dfgeschneidertes Angebot zu erstellen. Die Kapazit\u00e4t f\u00fcr eine Party in unserer einzigartigen Location betr\u00e4gt bis zu 250 G\u00e4ste.<\/p>\n<p>&nbsp;<\/p>\n<h3>Hochzeiten<\/h3>\n<p>Ein besonderer Tag an einem besonderen Ort. Alt Arce bietet Ihnen einen wundersch\u00f6nen Ort f\u00fcr Ihre Hochzeit an der Maas. Die nat\u00fcrliche Ruhe des Flusses Maas, die zeitlose Atmosph\u00e4re des historischen Geb\u00e4udes am Raadhuisplein im Zentrum von Arcen. Mit unserer professionellen Gastfreundschaft werden wir Ihre Hochzeit an der Maas zu einem unvergesslichen Tag machen. Ein Tag weg vom Alltag&#8230;<\/p>\n<p>Die private Maasterrace ist eine Erweiterung des Hochzeitssaals, der entsprechend dekoriert ist.<br \/>\nDas Familienessen und der Empfang entfalten hier ihre volle Pracht. Die Ruhe dieses zeitlosen Ortes macht Ihre Hochzeit hier zu einem M\u00e4rchen. In der Atmosph\u00e4re des alten Geb\u00e4udes kommt die solide Gastronomie des Alt Arce besonders gut zur Geltung. Jede Hochzeit wird bis ins kleinste Detail betreut und zu einem besonderen Ereignis.<\/p>\n<p>Gerne laden wir Sie zu einer unverbindlichen Besichtigung ein und erstellen Ihnen anschlie\u00dfend ein auf Ihre W\u00fcnsche zugeschnittenes Angebot. Unsere maximale Kapazit\u00e4t h\u00e4ngt von der gew\u00fcnschten Einrichtung und den verf\u00fcgbaren R\u00e4umen ab und betr\u00e4gt maximal 250 G\u00e4ste.[\/vc_column_text][\/vc_column][vc_column width=&#8220;1\/3&#8243; css=&#8220;.vc_custom_1664736965557{background-color: #e0e0e0 !important;border-radius: 15px !important;}&#8220;][vc_column_text]<\/p>\n<h3>Information<\/h3>\n<p>Sind Sie an der Nutzung dieser Dienste interessiert und m\u00f6chten Sie mehr dar\u00fcber erfahren?<br \/>\nLassen Sie es uns wissen.[\/vc_column_text]<form class=\"dt-contact-form dt-form privacy-form\" method=\"post\"><input type=\"hidden\" name=\"widget_id\" value=\"presscore-contact-form-widget--1\" \/><input type=\"hidden\" name=\"send_message\" value=\"\" \/><input type=\"hidden\" name=\"security_token\" value=\"b8495130002213ac87fb\"\/><div class=\"form-fields\"><span class=\"form-name\"><label class=\"assistive-text\">Name *<\/label><input type=\"text\" class=\"validate[required]\" placeholder=\"Name *\" name=\"name\" value=\"\" aria-required=\"true\">\n<\/span><span class=\"form-mail\"><label class=\"assistive-text\">E-Mail *<\/label><input type=\"text\" class=\"validate[required,custom[email]]\" placeholder=\"E-Mail *\" name=\"email\" value=\"\" aria-required=\"true\">\n<\/span><span class=\"form-telephone\"><label class=\"assistive-text\">Telefon *<\/label><input type=\"text\" class=\"validate[required,custom[phone]]\" placeholder=\"Telefon *\" name=\"telephone\" value=\"\" aria-required=\"true\">\n<\/span><\/div><span class=\"form-message\"><label class=\"assistive-text\">Nachricht *<\/label><textarea class=\"validate[required]\" placeholder=\"Nachricht *\" name=\"message\" rows=\"6\" aria-required=\"true\"><\/textarea>\n<\/span><p class=\"the7-form-terms-wrap\"><input type=\"checkbox\" id=\"the7-form-terms-601ac804ce8eac52499a1cde96bae911\" name=\"terms\" class=\"validate[required] the7-form-terms\" aria-required=\"true\" \/>&nbsp;<label for=\"the7-form-terms-601ac804ce8eac52499a1cde96bae911\"><span class=\"form-terms-text\">Mit der Nutzung dieses Formulars erkl\u00e4ren Sie sich mit der Speicherung und Verarbeitung Ihrer Daten durch diese Website einverstanden.<\/span><\/label><\/p><p><a href=\"#\" class=\"dt-btn dt-btn-m dt-btn-submit\" rel=\"nofollow\"><span>Anfrage senden<\/span><\/a><input class=\"assistive-text\" type=\"submit\" value=\"absenden\"><\/p><\/form>\n[\/vc_column][\/vc_row]<\/p>\n<\/div>","protected":false},"excerpt":{"rendered":"<p>[vc_row][vc_column width=&#8220;2\/3&#8243;][vc_column_text] Gruppeninformationen Alt Arce ist der perfekte Ort f\u00fcr eine Tagung, ein Gruppenessen, ein Buffet, einen Empfang oder eine Hochzeit. Wir haben einen Saal mit einer freundlichen Atmosph\u00e4re. Wir haben ein breites und vielf\u00e4ltiges Angebot f\u00fcr jeden Geldbeutel. Wir bieten auch Drei- oder Vier-G\u00e4nge-Men\u00fcs f\u00fcr Gruppen an, und es ist auch m\u00f6glich, ein ma\u00dfgeschneidertes&hellip;<\/p>\n","protected":false},"author":1,"featured_media":0,"parent":0,"menu_order":10,"comment_status":"closed","ping_status":"closed","template":"","meta":{"footnotes":""},"class_list":["post-6692","page","type-page","status-publish","hentry","description-off"],"yoast_head":"<!-- This site is optimized with the Yoast SEO plugin v23.7 - https:\/\/yoast.com\/wordpress\/plugins\/seo\/ -->\n<title>Gruppen - Restaurant &amp; brasserie Alt Arce<\/title>\n<meta name=\"robots\" content=\"index, follow, max-snippet:-1, max-image-preview:large, max-video-preview:-1\" \/>\n<link rel=\"canonical\" href=\"https:\/\/altarce.nl\/groepen\/\" \/>\n<meta property=\"og:locale\" content=\"de_DE\" \/>\n<meta property=\"og:type\" content=\"article\" \/>\n<meta property=\"og:title\" content=\"Gruppen - Restaurant &amp; brasserie Alt Arce\" \/>\n<meta property=\"og:description\" content=\"[vc_row][vc_column width=&#8220;2\/3&#8243;][vc_column_text] Gruppeninformationen Alt Arce ist der perfekte Ort f\u00fcr eine Tagung, ein Gruppenessen, ein Buffet, einen Empfang oder eine Hochzeit. Wir haben einen Saal mit einer freundlichen Atmosph\u00e4re. Wir haben ein breites und vielf\u00e4ltiges Angebot f\u00fcr jeden Geldbeutel. Wir bieten auch Drei- oder Vier-G\u00e4nge-Men\u00fcs f\u00fcr Gruppen an, und es ist auch m\u00f6glich, ein ma\u00dfgeschneidertes&hellip;\" \/>\n<meta property=\"og:url\" content=\"https:\/\/altarce.nl\/groepen\/\" \/>\n<meta property=\"og:site_name\" content=\"Restaurant &amp; brasserie Alt Arce\" \/>\n<meta property=\"article:modified_time\" content=\"2022-12-20T16:58:33+00:00\" \/>\n<meta name=\"twitter:card\" content=\"summary_large_image\" \/>\n<meta name=\"twitter:label1\" content=\"Gesch\u00e4tzte Lesezeit\" \/>\n\t<meta name=\"twitter:data1\" content=\"2\u00a0Minuten\" \/>\n<script type=\"application\/ld+json\" class=\"yoast-schema-graph\">{\"@context\":\"https:\/\/schema.org\",\"@graph\":[{\"@type\":\"WebPage\",\"@id\":\"https:\/\/altarce.nl\/groepen\/\",\"url\":\"https:\/\/altarce.nl\/groepen\/\",\"name\":\"Gruppen - Restaurant &amp; brasserie Alt Arce\",\"isPartOf\":{\"@id\":\"https:\/\/altarce.nl\/#website\"},\"datePublished\":\"2022-10-02T18:55:03+00:00\",\"dateModified\":\"2022-12-20T16:58:33+00:00\",\"breadcrumb\":{\"@id\":\"https:\/\/altarce.nl\/groepen\/#breadcrumb\"},\"inLanguage\":\"de\",\"potentialAction\":[{\"@type\":\"ReadAction\",\"target\":[\"https:\/\/altarce.nl\/groepen\/\"]}]},{\"@type\":\"BreadcrumbList\",\"@id\":\"https:\/\/altarce.nl\/groepen\/#breadcrumb\",\"itemListElement\":[{\"@type\":\"ListItem\",\"position\":1,\"name\":\"Home\",\"item\":\"https:\/\/altarce.nl\/de\/\"},{\"@type\":\"ListItem\",\"position\":2,\"name\":\"Gruppen\"}]},{\"@type\":\"WebSite\",\"@id\":\"https:\/\/altarce.nl\/#website\",\"url\":\"https:\/\/altarce.nl\/\",\"name\":\"Restaurant &amp; brasserie Alt Arce\",\"description\":\"Puur genieten aan de Maas\",\"potentialAction\":[{\"@type\":\"SearchAction\",\"target\":{\"@type\":\"EntryPoint\",\"urlTemplate\":\"https:\/\/altarce.nl\/?s={search_term_string}\"},\"query-input\":{\"@type\":\"PropertyValueSpecification\",\"valueRequired\":true,\"valueName\":\"search_term_string\"}}],\"inLanguage\":\"de\"}]}<\/script>\n<!-- \/ Yoast SEO plugin. -->","yoast_head_json":{"title":"Gruppen - Restaurant &amp; brasserie Alt Arce","robots":{"index":"index","follow":"follow","max-snippet":"max-snippet:-1","max-image-preview":"max-image-preview:large","max-video-preview":"max-video-preview:-1"},"canonical":"https:\/\/altarce.nl\/groepen\/","og_locale":"de_DE","og_type":"article","og_title":"Gruppen - Restaurant &amp; brasserie Alt Arce","og_description":"[vc_row][vc_column width=&#8220;2\/3&#8243;][vc_column_text] Gruppeninformationen Alt Arce ist der perfekte Ort f\u00fcr eine Tagung, ein Gruppenessen, ein Buffet, einen Empfang oder eine Hochzeit. Wir haben einen Saal mit einer freundlichen Atmosph\u00e4re. Wir haben ein breites und vielf\u00e4ltiges Angebot f\u00fcr jeden Geldbeutel. Wir bieten auch Drei- oder Vier-G\u00e4nge-Men\u00fcs f\u00fcr Gruppen an, und es ist auch m\u00f6glich, ein ma\u00dfgeschneidertes&hellip;","og_url":"https:\/\/altarce.nl\/groepen\/","og_site_name":"Restaurant &amp; brasserie Alt Arce","article_modified_time":"2022-12-20T16:58:33+00:00","twitter_card":"summary_large_image","twitter_misc":{"Gesch\u00e4tzte Lesezeit":"2\u00a0Minuten"},"schema":{"@context":"https:\/\/schema.org","@graph":[{"@type":"WebPage","@id":"https:\/\/altarce.nl\/groepen\/","url":"https:\/\/altarce.nl\/groepen\/","name":"Gruppen - Restaurant &amp; brasserie Alt Arce","isPartOf":{"@id":"https:\/\/altarce.nl\/#website"},"datePublished":"2022-10-02T18:55:03+00:00","dateModified":"2022-12-20T16:58:33+00:00","breadcrumb":{"@id":"https:\/\/altarce.nl\/groepen\/#breadcrumb"},"inLanguage":"de","potentialAction":[{"@type":"ReadAction","target":["https:\/\/altarce.nl\/groepen\/"]}]},{"@type":"BreadcrumbList","@id":"https:\/\/altarce.nl\/groepen\/#breadcrumb","itemListElement":[{"@type":"ListItem","position":1,"name":"Home","item":"https:\/\/altarce.nl\/de\/"},{"@type":"ListItem","position":2,"name":"Gruppen"}]},{"@type":"WebSite","@id":"https:\/\/altarce.nl\/#website","url":"https:\/\/altarce.nl\/","name":"Restaurant &amp; brasserie Alt Arce","description":"Puur genieten aan de Maas","potentialAction":[{"@type":"SearchAction","target":{"@type":"EntryPoint","urlTemplate":"https:\/\/altarce.nl\/?s={search_term_string}"},"query-input":{"@type":"PropertyValueSpecification","valueRequired":true,"valueName":"search_term_string"}}],"inLanguage":"de"}]}},"_links":{"self":[{"href":"https:\/\/altarce.nl\/de\/wp-json\/wp\/v2\/pages\/6692"}],"collection":[{"href":"https:\/\/altarce.nl\/de\/wp-json\/wp\/v2\/pages"}],"about":[{"href":"https:\/\/altarce.nl\/de\/wp-json\/wp\/v2\/types\/page"}],"author":[{"embeddable":true,"href":"https:\/\/altarce.nl\/de\/wp-json\/wp\/v2\/users\/1"}],"replies":[{"embeddable":true,"href":"https:\/\/altarce.nl\/de\/wp-json\/wp\/v2\/comments?post=6692"}],"version-history":[{"count":5,"href":"https:\/\/altarce.nl\/de\/wp-json\/wp\/v2\/pages\/6692\/revisions"}],"predecessor-version":[{"id":6840,"href":"https:\/\/altarce.nl\/de\/wp-json\/wp\/v2\/pages\/6692\/revisions\/6840"}],"wp:attachment":[{"href":"https:\/\/altarce.nl\/de\/wp-json\/wp\/v2\/media?parent=6692"}],"curies":[{"name":"wp","href":"https:\/\/api.w.org\/{rel}","templated":true}]}}